{"id":862,"date":"2015-04-17T11:42:37","date_gmt":"2015-04-17T11:42:37","guid":{"rendered":"http:\/\/www.anarieldesign.com\/themedemos\/maisha\/?page_id=14"},"modified":"2024-04-06T12:21:42","modified_gmt":"2024-04-06T16:21:42","slug":"nous-joindre","status":"publish","type":"page","link":"https:\/\/armetropolitain.com\/fr\/nous-joindre\/","title":{"rendered":"Nous joindre"},"content":{"rendered":"<p class=\"uppercase\">\u00c0 l&rsquo;\u00e9coute de vos besoins<\/p><h2 style=\"text-align: center;\">Avez-vous des questions ou commentaires?<\/h2>\n<p style=\"text-align: center;\">Laissez-nous vos coordonn\u00e9es avec un message et nous vous reviendrons sous peu.<\/p>\n\n<div class=\"wpcf7 no-js\" id=\"wpcf7-f655-o1\" lang=\"fr-FR\" dir=\"ltr\">\n<div class=\"screen-reader-response\"><p role=\"status\" aria-live=\"polite\" aria-atomic=\"true\"><\/p> <ul><\/ul><\/div>\n<form action=\"\/fr\/wp-json\/wp\/v2\/pages\/862#wpcf7-f655-o1\" method=\"post\" class=\"wpcf7-form init\" aria-label=\"Formulaire de contact\" novalidate=\"novalidate\" data-status=\"init\">\n<div style=\"display: none;\">\n<input type=\"hidden\" name=\"_wpcf7\" value=\"655\" \/>\n<input type=\"hidden\" name=\"_wpcf7_version\" value=\"5.9.8\" \/>\n<input type=\"hidden\" name=\"_wpcf7_locale\" value=\"fr_FR\" \/>\n<input type=\"hidden\" name=\"_wpcf7_unit_tag\" value=\"wpcf7-f655-o1\" \/>\n<input type=\"hidden\" name=\"_wpcf7_container_post\" value=\"0\" \/>\n<input type=\"hidden\" name=\"_wpcf7_posted_data_hash\" value=\"\" \/>\n<input type=\"hidden\" name=\"_wpcf7_recaptcha_response\" value=\"\" \/>\n<\/div>\n<p>Votre nom (requis)\n<\/p>\n<p><span class=\"wpcf7-form-control-wrap\" data-name=\"your-name\"><input size=\"40\" maxlength=\"400\" class=\"wpcf7-form-control wpcf7-text wpcf7-validates-as-required\" aria-required=\"true\" aria-invalid=\"false\" value=\"\" type=\"text\" name=\"your-name\" \/><\/span>\n<\/p>\n<p>Votre courriel (requis)\n<\/p>\n<p><span class=\"wpcf7-form-control-wrap\" data-name=\"your-email\"><input size=\"40\" maxlength=\"400\" class=\"wpcf7-form-control wpcf7-email wpcf7-validates-as-required wpcf7-text wpcf7-validates-as-email\" aria-required=\"true\" aria-invalid=\"false\" value=\"\" type=\"email\" name=\"your-email\" \/><\/span>\n<\/p>\n<p>Sujet\n<\/p>\n<p><span class=\"wpcf7-form-control-wrap\" data-name=\"your-subject\"><input size=\"40\" maxlength=\"400\" class=\"wpcf7-form-control wpcf7-text wpcf7-validates-as-required\" aria-required=\"true\" aria-invalid=\"false\" value=\"\" type=\"text\" name=\"your-subject\" \/><\/span>\n<\/p>\n<p>Votre message\n<\/p>\n<p><span class=\"wpcf7-form-control-wrap\" data-name=\"your-message\"><textarea cols=\"40\" rows=\"10\" maxlength=\"2000\" class=\"wpcf7-form-control wpcf7-textarea\" aria-invalid=\"false\" name=\"your-message\"><\/textarea><\/span>\n<\/p>\n<p><input class=\"wpcf7-form-control wpcf7-submit has-spinner\" type=\"submit\" value=\"Envoyer\" \/>\n<\/p><div class=\"wpcf7-response-output\" aria-hidden=\"true\"><\/div>\n<\/form>\n<\/div>\n<p>Si vous ne recevez pas de courriel de r\u00e9ception dans les minutes qui suivent, veuillez regarder dans vos courriels ind\u00e9sirables.<\/p><h2 class=\"wp-block-heading\">Nos coordonn\u00e9es<\/h2><p><\/p><p><strong>Courriel<\/strong>: info@armetropolitain.com<\/p>","protected":false},"excerpt":{"rendered":"<p>\u00c0 l&rsquo;\u00e9coute de vos besoins Avez-vous des questions ou commentaires? Laissez-nous vos coordonn\u00e9es avec un message et nous vous reviendrons sous peu. Si vous ne recevez pas de courriel de r\u00e9ception dans les minutes qui suivent, veuillez regarder dans vos courriels ind\u00e9sirables. Nos coordonn\u00e9es Courriel: info@armetropolitain.com<\/p>\n","protected":false},"author":1,"featured_media":3666,"parent":0,"menu_order":0,"comment_status":"closed","ping_status":"closed","template":"","meta":{"footnotes":""},"class_list":["post-862","page","type-page","status-publish","has-post-thumbnail","hentry"],"yoast_head":"<!-- This site is optimized with the Yoast SEO plugin v23.6 - https:\/\/yoast.com\/wordpress\/plugins\/seo\/ -->\n<title>Nous joindre - ARM<\/title>\n<meta name=\"robots\" content=\"index, follow, max-snippet:-1, max-image-preview:large, max-video-preview:-1\" \/>\n<link rel=\"canonical\" href=\"https:\/\/armetropolitain.com\/fr\/nous-joindre\/\" \/>\n<meta property=\"og:locale\" content=\"fr_FR\" \/>\n<meta property=\"og:type\" content=\"article\" \/>\n<meta property=\"og:title\" content=\"Nous joindre - ARM\" \/>\n<meta property=\"og:description\" content=\"\u00c0 l&rsquo;\u00e9coute de vos besoins Avez-vous des questions ou commentaires? Laissez-nous vos coordonn\u00e9es avec un message et nous vous reviendrons sous peu. Si vous ne recevez pas de courriel de r\u00e9ception dans les minutes qui suivent, veuillez regarder dans vos courriels ind\u00e9sirables. Nos coordonn\u00e9es Courriel: info@armetropolitain.com\" \/>\n<meta property=\"og:url\" content=\"https:\/\/armetropolitain.com\/fr\/nous-joindre\/\" \/>\n<meta property=\"og:site_name\" content=\"ARM\" \/>\n<meta property=\"article:modified_time\" content=\"2024-04-06T16:21:42+00:00\" \/>\n<meta property=\"og:image\" content=\"https:\/\/armetropolitain.com\/wp-content\/uploads\/2022\/02\/nous-joindre-photo-by-magda-ehlers-from-pexels-bleu-3.jpg\" \/>\n\t<meta property=\"og:image:width\" content=\"1670\" \/>\n\t<meta property=\"og:image:height\" content=\"615\" \/>\n\t<meta property=\"og:image:type\" content=\"image\/jpeg\" \/>\n<meta name=\"twitter:card\" content=\"summary_large_image\" \/>\n<meta name=\"twitter:label1\" content=\"Dur\u00e9e de lecture estim\u00e9e\" \/>\n\t<meta name=\"twitter:data1\" content=\"1 minute\" \/>\n<script type=\"application\/ld+json\" class=\"yoast-schema-graph\">{\"@context\":\"https:\/\/schema.org\",\"@graph\":[{\"@type\":\"WebPage\",\"@id\":\"https:\/\/armetropolitain.com\/fr\/nous-joindre\/\",\"url\":\"https:\/\/armetropolitain.com\/fr\/nous-joindre\/\",\"name\":\"Nous joindre - ARM\",\"isPartOf\":{\"@id\":\"https:\/\/armetropolitain.com\/fr\/#website\"},\"primaryImageOfPage\":{\"@id\":\"https:\/\/armetropolitain.com\/fr\/nous-joindre\/#primaryimage\"},\"image\":{\"@id\":\"https:\/\/armetropolitain.com\/fr\/nous-joindre\/#primaryimage\"},\"thumbnailUrl\":\"https:\/\/armetropolitain.com\/wp-content\/uploads\/2022\/02\/nous-joindre-photo-by-magda-ehlers-from-pexels-bleu-3.jpg\",\"datePublished\":\"2015-04-17T11:42:37+00:00\",\"dateModified\":\"2024-04-06T16:21:42+00:00\",\"breadcrumb\":{\"@id\":\"https:\/\/armetropolitain.com\/fr\/nous-joindre\/#breadcrumb\"},\"inLanguage\":\"fr-FR\",\"potentialAction\":[{\"@type\":\"ReadAction\",\"target\":[\"https:\/\/armetropolitain.com\/fr\/nous-joindre\/\"]}]},{\"@type\":\"ImageObject\",\"inLanguage\":\"fr-FR\",\"@id\":\"https:\/\/armetropolitain.com\/fr\/nous-joindre\/#primaryimage\",\"url\":\"https:\/\/armetropolitain.com\/wp-content\/uploads\/2022\/02\/nous-joindre-photo-by-magda-ehlers-from-pexels-bleu-3.jpg\",\"contentUrl\":\"https:\/\/armetropolitain.com\/wp-content\/uploads\/2022\/02\/nous-joindre-photo-by-magda-ehlers-from-pexels-bleu-3.jpg\",\"width\":1670,\"height\":615},{\"@type\":\"BreadcrumbList\",\"@id\":\"https:\/\/armetropolitain.com\/fr\/nous-joindre\/#breadcrumb\",\"itemListElement\":[{\"@type\":\"ListItem\",\"position\":1,\"name\":\"Accueil\",\"item\":\"https:\/\/armetropolitain.com\/fr\/\"},{\"@type\":\"ListItem\",\"position\":2,\"name\":\"Nous joindre\"}]},{\"@type\":\"WebSite\",\"@id\":\"https:\/\/armetropolitain.com\/fr\/#website\",\"url\":\"https:\/\/armetropolitain.com\/fr\/\",\"name\":\"ARM\",\"description\":\"\",\"publisher\":{\"@id\":\"https:\/\/armetropolitain.com\/fr\/#organization\"},\"potentialAction\":[{\"@type\":\"SearchAction\",\"target\":{\"@type\":\"EntryPoint\",\"urlTemplate\":\"https:\/\/armetropolitain.com\/fr\/?s={search_term_string}\"},\"query-input\":{\"@type\":\"PropertyValueSpecification\",\"valueRequired\":true,\"valueName\":\"search_term_string\"}}],\"inLanguage\":\"fr-FR\"},{\"@type\":\"Organization\",\"@id\":\"https:\/\/armetropolitain.com\/fr\/#organization\",\"name\":\"ARM\",\"url\":\"https:\/\/armetropolitain.com\/fr\/\",\"logo\":{\"@type\":\"ImageObject\",\"inLanguage\":\"fr-FR\",\"@id\":\"https:\/\/armetropolitain.com\/fr\/#\/schema\/logo\/image\/\",\"url\":\"https:\/\/armetropolitain.com\/wp-content\/uploads\/2022\/02\/arm-logo-900px.jpg\",\"contentUrl\":\"https:\/\/armetropolitain.com\/wp-content\/uploads\/2022\/02\/arm-logo-900px.jpg\",\"width\":900,\"height\":353,\"caption\":\"ARM\"},\"image\":{\"@id\":\"https:\/\/armetropolitain.com\/fr\/#\/schema\/logo\/image\/\"}}]}<\/script>\n<!-- \/ Yoast SEO plugin. -->","yoast_head_json":{"title":"Nous joindre - ARM","robots":{"index":"index","follow":"follow","max-snippet":"max-snippet:-1","max-image-preview":"max-image-preview:large","max-video-preview":"max-video-preview:-1"},"canonical":"https:\/\/armetropolitain.com\/fr\/nous-joindre\/","og_locale":"fr_FR","og_type":"article","og_title":"Nous joindre - ARM","og_description":"\u00c0 l&rsquo;\u00e9coute de vos besoins Avez-vous des questions ou commentaires? Laissez-nous vos coordonn\u00e9es avec un message et nous vous reviendrons sous peu. Si vous ne recevez pas de courriel de r\u00e9ception dans les minutes qui suivent, veuillez regarder dans vos courriels ind\u00e9sirables. Nos coordonn\u00e9es Courriel: info@armetropolitain.com","og_url":"https:\/\/armetropolitain.com\/fr\/nous-joindre\/","og_site_name":"ARM","article_modified_time":"2024-04-06T16:21:42+00:00","og_image":[{"width":1670,"height":615,"url":"https:\/\/armetropolitain.com\/wp-content\/uploads\/2022\/02\/nous-joindre-photo-by-magda-ehlers-from-pexels-bleu-3.jpg","type":"image\/jpeg"}],"twitter_card":"summary_large_image","twitter_misc":{"Dur\u00e9e de lecture estim\u00e9e":"1 minute"},"schema":{"@context":"https:\/\/schema.org","@graph":[{"@type":"WebPage","@id":"https:\/\/armetropolitain.com\/fr\/nous-joindre\/","url":"https:\/\/armetropolitain.com\/fr\/nous-joindre\/","name":"Nous joindre - ARM","isPartOf":{"@id":"https:\/\/armetropolitain.com\/fr\/#website"},"primaryImageOfPage":{"@id":"https:\/\/armetropolitain.com\/fr\/nous-joindre\/#primaryimage"},"image":{"@id":"https:\/\/armetropolitain.com\/fr\/nous-joindre\/#primaryimage"},"thumbnailUrl":"https:\/\/armetropolitain.com\/wp-content\/uploads\/2022\/02\/nous-joindre-photo-by-magda-ehlers-from-pexels-bleu-3.jpg","datePublished":"2015-04-17T11:42:37+00:00","dateModified":"2024-04-06T16:21:42+00:00","breadcrumb":{"@id":"https:\/\/armetropolitain.com\/fr\/nous-joindre\/#breadcrumb"},"inLanguage":"fr-FR","potentialAction":[{"@type":"ReadAction","target":["https:\/\/armetropolitain.com\/fr\/nous-joindre\/"]}]},{"@type":"ImageObject","inLanguage":"fr-FR","@id":"https:\/\/armetropolitain.com\/fr\/nous-joindre\/#primaryimage","url":"https:\/\/armetropolitain.com\/wp-content\/uploads\/2022\/02\/nous-joindre-photo-by-magda-ehlers-from-pexels-bleu-3.jpg","contentUrl":"https:\/\/armetropolitain.com\/wp-content\/uploads\/2022\/02\/nous-joindre-photo-by-magda-ehlers-from-pexels-bleu-3.jpg","width":1670,"height":615},{"@type":"BreadcrumbList","@id":"https:\/\/armetropolitain.com\/fr\/nous-joindre\/#breadcrumb","itemListElement":[{"@type":"ListItem","position":1,"name":"Accueil","item":"https:\/\/armetropolitain.com\/fr\/"},{"@type":"ListItem","position":2,"name":"Nous joindre"}]},{"@type":"WebSite","@id":"https:\/\/armetropolitain.com\/fr\/#website","url":"https:\/\/armetropolitain.com\/fr\/","name":"ARM","description":"","publisher":{"@id":"https:\/\/armetropolitain.com\/fr\/#organization"},"potentialAction":[{"@type":"SearchAction","target":{"@type":"EntryPoint","urlTemplate":"https:\/\/armetropolitain.com\/fr\/?s={search_term_string}"},"query-input":{"@type":"PropertyValueSpecification","valueRequired":true,"valueName":"search_term_string"}}],"inLanguage":"fr-FR"},{"@type":"Organization","@id":"https:\/\/armetropolitain.com\/fr\/#organization","name":"ARM","url":"https:\/\/armetropolitain.com\/fr\/","logo":{"@type":"ImageObject","inLanguage":"fr-FR","@id":"https:\/\/armetropolitain.com\/fr\/#\/schema\/logo\/image\/","url":"https:\/\/armetropolitain.com\/wp-content\/uploads\/2022\/02\/arm-logo-900px.jpg","contentUrl":"https:\/\/armetropolitain.com\/wp-content\/uploads\/2022\/02\/arm-logo-900px.jpg","width":900,"height":353,"caption":"ARM"},"image":{"@id":"https:\/\/armetropolitain.com\/fr\/#\/schema\/logo\/image\/"}}]}},"_links":{"self":[{"href":"https:\/\/armetropolitain.com\/fr\/wp-json\/wp\/v2\/pages\/862"}],"collection":[{"href":"https:\/\/armetropolitain.com\/fr\/wp-json\/wp\/v2\/pages"}],"about":[{"href":"https:\/\/armetropolitain.com\/fr\/wp-json\/wp\/v2\/types\/page"}],"author":[{"embeddable":true,"href":"https:\/\/armetropolitain.com\/fr\/wp-json\/wp\/v2\/users\/1"}],"replies":[{"embeddable":true,"href":"https:\/\/armetropolitain.com\/fr\/wp-json\/wp\/v2\/comments?post=862"}],"version-history":[{"count":16,"href":"https:\/\/armetropolitain.com\/fr\/wp-json\/wp\/v2\/pages\/862\/revisions"}],"predecessor-version":[{"id":3888,"href":"https:\/\/armetropolitain.com\/fr\/wp-json\/wp\/v2\/pages\/862\/revisions\/3888"}],"wp:featuredmedia":[{"embeddable":true,"href":"https:\/\/armetropolitain.com\/fr\/wp-json\/wp\/v2\/media\/3666"}],"wp:attachment":[{"href":"https:\/\/armetropolitain.com\/fr\/wp-json\/wp\/v2\/media?parent=862"}],"curies":[{"name":"wp","href":"https:\/\/api.w.org\/{rel}","templated":true}]}}