{"id":693,"date":"2015-05-11T08:02:50","date_gmt":"2015-05-11T08:02:50","guid":{"rendered":"http:\/\/www.anarieldesign.com\/themedemos\/maisha\/?page_id=693"},"modified":"2023-09-01T05:20:34","modified_gmt":"2023-09-01T09:20:34","slug":"cours-kinyarwanda","status":"publish","type":"page","link":"https:\/\/armetropolitain.com\/fr\/activites\/cours-kinyarwanda\/","title":{"rendered":"Cours de Kinyarwanda"},"content":{"rendered":"<p>Apprendre le Kinyarwanda permettra et facilitera une meilleure communication , entre autres, entre les membres, leurs familles, les amis et amies de la communaut\u00e9 rwandaise. De plus, il s\u2019agit&nbsp; d\u2019un atout pour les personnes ayant des int\u00e9r\u00eats personnels et professionnels au Rwanda sans oublier la communaut\u00e9 rwandaise.<\/p><p style=\"font-family: Roboto, sans-serif; font-size: 19px; font-style: normal; font-weight: 400;\"><!--more--><\/p><p>Le cours s\u2019adresse \u00e0 toute personne d\u00e9sirant d\u2019apprendre le kinyarwanda qu\u2019elle ait ou non une base en alphab\u00e9tisation. L\u2019\u00e2ge minimum requis est de 8 ans.<\/p><p>Une \u00e9valuation orale et \u00e9crite comme \u00e9tape pr\u00e9alable sera offerte \u00e0 chaque personne qui voudra s\u2019inscrire au cours. Cette \u00e9valuation aura pour but de d\u00e9terminer le niveau du degr\u00e9 de compr\u00e9hension du Kinyarwanda en vue du classement au niveau appropri\u00e9.<\/p><p>Le cours de Kinyarwanda est un programme qui sera subdivis\u00e9 en trois niveaux. Un classement sera fait selon les r\u00e9sultats de l\u2019\u00e9valuation et les \u00e9l\u00e8ves seront class\u00e9s dans les trois niveaux constituant le cours. L&rsquo;ann\u00e9e scolaire <strong>2023-2024<\/strong> compte <strong>36 cours<\/strong> qui se d\u00e9rouleront le <strong>dimanche<\/strong>. La date limite d&rsquo;inscription est le <strong>8 septembre 2023<\/strong>. <\/p><p><\/p><figure class=\"wp-block-table\"><table><tbody><tr><td><strong>Niveau1<\/strong><\/td><td> <strong>Niveau1<\/strong> <\/td><td><strong>Niveau 2<\/strong><\/td><td><strong>Niveau 3<\/strong><\/td><\/tr><tr><td>D\u00e9butant<\/td><td> D\u00e9butant <\/td><td>Interm\u00e9diaire<\/td><td>Avanc\u00e9<\/td><\/tr><tr><td>12h00 &#8211; 13h00<\/td><td>13h15 &#8211; 14h15<\/td><td>14h30 &#8211; 15h30<\/td><td>15h45 &#8211; 16h45<\/td><\/tr><\/tbody><\/table><\/figure><h2 class=\"wp-block-heading\">Tarifs<\/h2><p>Voici la tarification pour une famille ayant au moins un adulte membre de l&rsquo;ARM et des enfants mineurs. Veuillez prendre note que les enfants mineurs d&rsquo;une m\u00eame famille sont automatiquement membre si l&rsquo;un de leur parent majeur est membre. Voici le <a href=\"https:\/\/armetropolitain.com\/fr\/processus-dinscription-au-cours-de-kinyarwanda\/\">processus d&rsquo;inscription pour plus de d\u00e9tails<\/a>.<\/p><figure class=\"wp-block-table\"><table><tbody><tr><td><strong>Membre ARM en r\u00e8gle<\/strong><\/td><td><strong>Adh\u00e9sion<\/strong><\/td><td><strong>Cours de Kinyarwanda<\/strong><\/td><td><strong>Prix&nbsp;total<\/strong><\/td><\/tr><tr><td>1 membre (adulte) + 1 inscriptions<\/td><td>$50.00<\/td><td>$240.00<\/td><td>$290.00<\/td><\/tr><tr><td>1 membre (adulte) + 2 inscriptions<\/td><td>$50.00<\/td><td>$480.00<\/td><td>$530.00<\/td><\/tr><\/tbody><\/table><\/figure><p>Voici la tarification pour une famille avec aucun adulte membre de l&rsquo;ARM.<\/p><figure class=\"wp-block-table\"><table><tbody><tr><td><strong>Non membre ARM<\/strong><\/td><td><strong>Adh\u00e9sion<\/strong><\/td><td><strong>Cours de Kinyarwanda<\/strong><\/td><td><strong>Prix<\/strong><\/td><\/tr><tr><td>1 inscriptions<\/td><td>$0.00<\/td><td>$480.00<\/td><td> $480.00<\/td><\/tr><tr><td>2 inscriptions<\/td><td>$0.00<\/td><td>$960.00<\/td><td> $960.00<\/td><\/tr><\/tbody><\/table><\/figure><div class=\"wp-block-buttons is-layout-flex wp-block-buttons-is-layout-flex\"><div class=\"wp-block-button\"><a data-track-link-name=\"register kinya lessons\" data-track-link-type=\"cta\" data-track-link-position=\"content\" class=\"wp-block-button__link has-background\" href=\"https:\/\/www.sport-plus-online.com\/PrmsMVC\/?VirId=1554&amp;ArrId=1760\" style=\"background-color:#83bde3\" target=\"_blank\" rel=\"noreferrer noopener\">S&rsquo;inscrire<\/a><\/div><\/div>","protected":false},"excerpt":{"rendered":"<p>Apprendre le Kinyarwanda permettra et facilitera une meilleure communication , entre autres, entre les membres, leurs familles, les amis et amies de la communaut\u00e9 rwandaise. De plus, il s\u2019agit&nbsp; d\u2019un atout pour les personnes ayant des int\u00e9r\u00eats personnels et professionnels au Rwanda sans oublier la communaut\u00e9 rwandaise.<\/p>\n","protected":false},"author":1,"featured_media":3586,"parent":1173,"menu_order":0,"comment_status":"closed","ping_status":"closed","template":"","meta":{"footnotes":""},"class_list":["post-693","page","type-page","status-publish","has-post-thumbnail","hentry"],"yoast_head":"<!-- This site is optimized with the Yoast SEO plugin v23.6 - https:\/\/yoast.com\/wordpress\/plugins\/seo\/ -->\n<title>Cours de Kinyarwanda - ARM<\/title>\n<meta name=\"robots\" content=\"index, follow, max-snippet:-1, max-image-preview:large, max-video-preview:-1\" \/>\n<link rel=\"canonical\" href=\"https:\/\/armetropolitain.com\/fr\/activites\/cours-kinyarwanda\/\" \/>\n<meta property=\"og:locale\" content=\"fr_FR\" \/>\n<meta property=\"og:type\" content=\"article\" \/>\n<meta property=\"og:title\" content=\"Cours de Kinyarwanda - ARM\" \/>\n<meta property=\"og:description\" content=\"Apprendre le Kinyarwanda permettra et facilitera une meilleure communication , entre autres, entre les membres, leurs familles, les amis et amies de la communaut\u00e9 rwandaise. De plus, il s\u2019agit&nbsp; d\u2019un atout pour les personnes ayant des int\u00e9r\u00eats personnels et professionnels au Rwanda sans oublier la communaut\u00e9 rwandaise.\" \/>\n<meta property=\"og:url\" content=\"https:\/\/armetropolitain.com\/fr\/activites\/cours-kinyarwanda\/\" \/>\n<meta property=\"og:site_name\" content=\"ARM\" \/>\n<meta property=\"article:modified_time\" content=\"2023-09-01T09:20:34+00:00\" \/>\n<meta property=\"og:image\" content=\"https:\/\/armetropolitain.com\/wp-content\/uploads\/2022\/02\/cours-kinya-Photo-by-Jannik-Skorna-on-Unsplash-color-scaled.jpg\" \/>\n\t<meta property=\"og:image:width\" content=\"2560\" \/>\n\t<meta property=\"og:image:height\" content=\"1398\" \/>\n\t<meta property=\"og:image:type\" content=\"image\/jpeg\" \/>\n<meta name=\"twitter:card\" content=\"summary_large_image\" \/>\n<meta name=\"twitter:label1\" content=\"Dur\u00e9e de lecture estim\u00e9e\" \/>\n\t<meta name=\"twitter:data1\" content=\"2 minutes\" \/>\n<script type=\"application\/ld+json\" class=\"yoast-schema-graph\">{\"@context\":\"https:\/\/schema.org\",\"@graph\":[{\"@type\":\"WebPage\",\"@id\":\"https:\/\/armetropolitain.com\/fr\/activites\/cours-kinyarwanda\/\",\"url\":\"https:\/\/armetropolitain.com\/fr\/activites\/cours-kinyarwanda\/\",\"name\":\"Cours de Kinyarwanda - ARM\",\"isPartOf\":{\"@id\":\"https:\/\/armetropolitain.com\/fr\/#website\"},\"primaryImageOfPage\":{\"@id\":\"https:\/\/armetropolitain.com\/fr\/activites\/cours-kinyarwanda\/#primaryimage\"},\"image\":{\"@id\":\"https:\/\/armetropolitain.com\/fr\/activites\/cours-kinyarwanda\/#primaryimage\"},\"thumbnailUrl\":\"https:\/\/armetropolitain.com\/wp-content\/uploads\/2022\/02\/cours-kinya-Photo-by-Jannik-Skorna-on-Unsplash-color-scaled.jpg\",\"datePublished\":\"2015-05-11T08:02:50+00:00\",\"dateModified\":\"2023-09-01T09:20:34+00:00\",\"breadcrumb\":{\"@id\":\"https:\/\/armetropolitain.com\/fr\/activites\/cours-kinyarwanda\/#breadcrumb\"},\"inLanguage\":\"fr-FR\",\"potentialAction\":[{\"@type\":\"ReadAction\",\"target\":[\"https:\/\/armetropolitain.com\/fr\/activites\/cours-kinyarwanda\/\"]}]},{\"@type\":\"ImageObject\",\"inLanguage\":\"fr-FR\",\"@id\":\"https:\/\/armetropolitain.com\/fr\/activites\/cours-kinyarwanda\/#primaryimage\",\"url\":\"https:\/\/armetropolitain.com\/wp-content\/uploads\/2022\/02\/cours-kinya-Photo-by-Jannik-Skorna-on-Unsplash-color-scaled.jpg\",\"contentUrl\":\"https:\/\/armetropolitain.com\/wp-content\/uploads\/2022\/02\/cours-kinya-Photo-by-Jannik-Skorna-on-Unsplash-color-scaled.jpg\",\"width\":2560,\"height\":1398},{\"@type\":\"BreadcrumbList\",\"@id\":\"https:\/\/armetropolitain.com\/fr\/activites\/cours-kinyarwanda\/#breadcrumb\",\"itemListElement\":[{\"@type\":\"ListItem\",\"position\":1,\"name\":\"Accueil\",\"item\":\"https:\/\/armetropolitain.com\/fr\/\"},{\"@type\":\"ListItem\",\"position\":2,\"name\":\"D\u00e9couvrez toutes nos activit\u00e9s\",\"item\":\"https:\/\/armetropolitain.com\/fr\/activites\/\"},{\"@type\":\"ListItem\",\"position\":3,\"name\":\"Cours de Kinyarwanda\"}]},{\"@type\":\"WebSite\",\"@id\":\"https:\/\/armetropolitain.com\/fr\/#website\",\"url\":\"https:\/\/armetropolitain.com\/fr\/\",\"name\":\"ARM\",\"description\":\"\",\"publisher\":{\"@id\":\"https:\/\/armetropolitain.com\/fr\/#organization\"},\"potentialAction\":[{\"@type\":\"SearchAction\",\"target\":{\"@type\":\"EntryPoint\",\"urlTemplate\":\"https:\/\/armetropolitain.com\/fr\/?s={search_term_string}\"},\"query-input\":{\"@type\":\"PropertyValueSpecification\",\"valueRequired\":true,\"valueName\":\"search_term_string\"}}],\"inLanguage\":\"fr-FR\"},{\"@type\":\"Organization\",\"@id\":\"https:\/\/armetropolitain.com\/fr\/#organization\",\"name\":\"ARM\",\"url\":\"https:\/\/armetropolitain.com\/fr\/\",\"logo\":{\"@type\":\"ImageObject\",\"inLanguage\":\"fr-FR\",\"@id\":\"https:\/\/armetropolitain.com\/fr\/#\/schema\/logo\/image\/\",\"url\":\"https:\/\/armetropolitain.com\/wp-content\/uploads\/2022\/02\/arm-logo-900px.jpg\",\"contentUrl\":\"https:\/\/armetropolitain.com\/wp-content\/uploads\/2022\/02\/arm-logo-900px.jpg\",\"width\":900,\"height\":353,\"caption\":\"ARM\"},\"image\":{\"@id\":\"https:\/\/armetropolitain.com\/fr\/#\/schema\/logo\/image\/\"}}]}<\/script>\n<!-- \/ Yoast SEO plugin. -->","yoast_head_json":{"title":"Cours de Kinyarwanda - ARM","robots":{"index":"index","follow":"follow","max-snippet":"max-snippet:-1","max-image-preview":"max-image-preview:large","max-video-preview":"max-video-preview:-1"},"canonical":"https:\/\/armetropolitain.com\/fr\/activites\/cours-kinyarwanda\/","og_locale":"fr_FR","og_type":"article","og_title":"Cours de Kinyarwanda - ARM","og_description":"Apprendre le Kinyarwanda permettra et facilitera une meilleure communication , entre autres, entre les membres, leurs familles, les amis et amies de la communaut\u00e9 rwandaise. De plus, il s\u2019agit&nbsp; d\u2019un atout pour les personnes ayant des int\u00e9r\u00eats personnels et professionnels au Rwanda sans oublier la communaut\u00e9 rwandaise.","og_url":"https:\/\/armetropolitain.com\/fr\/activites\/cours-kinyarwanda\/","og_site_name":"ARM","article_modified_time":"2023-09-01T09:20:34+00:00","og_image":[{"width":2560,"height":1398,"url":"https:\/\/armetropolitain.com\/wp-content\/uploads\/2022\/02\/cours-kinya-Photo-by-Jannik-Skorna-on-Unsplash-color-scaled.jpg","type":"image\/jpeg"}],"twitter_card":"summary_large_image","twitter_misc":{"Dur\u00e9e de lecture estim\u00e9e":"2 minutes"},"schema":{"@context":"https:\/\/schema.org","@graph":[{"@type":"WebPage","@id":"https:\/\/armetropolitain.com\/fr\/activites\/cours-kinyarwanda\/","url":"https:\/\/armetropolitain.com\/fr\/activites\/cours-kinyarwanda\/","name":"Cours de Kinyarwanda - ARM","isPartOf":{"@id":"https:\/\/armetropolitain.com\/fr\/#website"},"primaryImageOfPage":{"@id":"https:\/\/armetropolitain.com\/fr\/activites\/cours-kinyarwanda\/#primaryimage"},"image":{"@id":"https:\/\/armetropolitain.com\/fr\/activites\/cours-kinyarwanda\/#primaryimage"},"thumbnailUrl":"https:\/\/armetropolitain.com\/wp-content\/uploads\/2022\/02\/cours-kinya-Photo-by-Jannik-Skorna-on-Unsplash-color-scaled.jpg","datePublished":"2015-05-11T08:02:50+00:00","dateModified":"2023-09-01T09:20:34+00:00","breadcrumb":{"@id":"https:\/\/armetropolitain.com\/fr\/activites\/cours-kinyarwanda\/#breadcrumb"},"inLanguage":"fr-FR","potentialAction":[{"@type":"ReadAction","target":["https:\/\/armetropolitain.com\/fr\/activites\/cours-kinyarwanda\/"]}]},{"@type":"ImageObject","inLanguage":"fr-FR","@id":"https:\/\/armetropolitain.com\/fr\/activites\/cours-kinyarwanda\/#primaryimage","url":"https:\/\/armetropolitain.com\/wp-content\/uploads\/2022\/02\/cours-kinya-Photo-by-Jannik-Skorna-on-Unsplash-color-scaled.jpg","contentUrl":"https:\/\/armetropolitain.com\/wp-content\/uploads\/2022\/02\/cours-kinya-Photo-by-Jannik-Skorna-on-Unsplash-color-scaled.jpg","width":2560,"height":1398},{"@type":"BreadcrumbList","@id":"https:\/\/armetropolitain.com\/fr\/activites\/cours-kinyarwanda\/#breadcrumb","itemListElement":[{"@type":"ListItem","position":1,"name":"Accueil","item":"https:\/\/armetropolitain.com\/fr\/"},{"@type":"ListItem","position":2,"name":"D\u00e9couvrez toutes nos activit\u00e9s","item":"https:\/\/armetropolitain.com\/fr\/activites\/"},{"@type":"ListItem","position":3,"name":"Cours de Kinyarwanda"}]},{"@type":"WebSite","@id":"https:\/\/armetropolitain.com\/fr\/#website","url":"https:\/\/armetropolitain.com\/fr\/","name":"ARM","description":"","publisher":{"@id":"https:\/\/armetropolitain.com\/fr\/#organization"},"potentialAction":[{"@type":"SearchAction","target":{"@type":"EntryPoint","urlTemplate":"https:\/\/armetropolitain.com\/fr\/?s={search_term_string}"},"query-input":{"@type":"PropertyValueSpecification","valueRequired":true,"valueName":"search_term_string"}}],"inLanguage":"fr-FR"},{"@type":"Organization","@id":"https:\/\/armetropolitain.com\/fr\/#organization","name":"ARM","url":"https:\/\/armetropolitain.com\/fr\/","logo":{"@type":"ImageObject","inLanguage":"fr-FR","@id":"https:\/\/armetropolitain.com\/fr\/#\/schema\/logo\/image\/","url":"https:\/\/armetropolitain.com\/wp-content\/uploads\/2022\/02\/arm-logo-900px.jpg","contentUrl":"https:\/\/armetropolitain.com\/wp-content\/uploads\/2022\/02\/arm-logo-900px.jpg","width":900,"height":353,"caption":"ARM"},"image":{"@id":"https:\/\/armetropolitain.com\/fr\/#\/schema\/logo\/image\/"}}]}},"_links":{"self":[{"href":"https:\/\/armetropolitain.com\/fr\/wp-json\/wp\/v2\/pages\/693"}],"collection":[{"href":"https:\/\/armetropolitain.com\/fr\/wp-json\/wp\/v2\/pages"}],"about":[{"href":"https:\/\/armetropolitain.com\/fr\/wp-json\/wp\/v2\/types\/page"}],"author":[{"embeddable":true,"href":"https:\/\/armetropolitain.com\/fr\/wp-json\/wp\/v2\/users\/1"}],"replies":[{"embeddable":true,"href":"https:\/\/armetropolitain.com\/fr\/wp-json\/wp\/v2\/comments?post=693"}],"version-history":[{"count":28,"href":"https:\/\/armetropolitain.com\/fr\/wp-json\/wp\/v2\/pages\/693\/revisions"}],"predecessor-version":[{"id":3865,"href":"https:\/\/armetropolitain.com\/fr\/wp-json\/wp\/v2\/pages\/693\/revisions\/3865"}],"up":[{"embeddable":true,"href":"https:\/\/armetropolitain.com\/fr\/wp-json\/wp\/v2\/pages\/1173"}],"wp:featuredmedia":[{"embeddable":true,"href":"https:\/\/armetropolitain.com\/fr\/wp-json\/wp\/v2\/media\/3586"}],"wp:attachment":[{"href":"https:\/\/armetropolitain.com\/fr\/wp-json\/wp\/v2\/media?parent=693"}],"curies":[{"name":"wp","href":"https:\/\/api.w.org\/{rel}","templated":true}]}}