{"id":3829,"date":"2022-03-19T08:00:08","date_gmt":"2022-03-19T12:00:08","guid":{"rendered":"http:\/\/armetropolitain.com\/?page_id=3829"},"modified":"2022-03-19T08:12:40","modified_gmt":"2022-03-19T12:12:40","slug":"messe-commemorative","status":"publish","type":"page","link":"https:\/\/armetropolitain.com\/fr\/activites\/messe-commemorative\/","title":{"rendered":"Messe comm\u00e9morative"},"content":{"rendered":"<h2 class=\"wp-block-heading\">Comm\u00e9moration du g\u00e9nocide rwandais: 28 ans apr\u00e8s, les plaies sont encore vives<\/h2><p>Comm\u00e9moration \u00e0 Montr\u00e9al.<\/p><p>Chers compatriotes rwandais et chers amis du Rwanda,<\/p><!--more--><p>La guerre en Ukraine avec ses bombardements aveugles, ses morts et son flux de r\u00e9fugi\u00e9s ravive les plaies encore b\u00e9antes que nous a fait subir la guerre de 1990 \u00e0 1994 au Rwanda et dont les millions de victimes rwandaises, burundaises et congolaises continuent \u00e0 s\u2019accumuler encore aujourd\u2019hui.<\/p><p>Chaque ann\u00e9e au mois d\u2019avril, les rwandais de partout dans le monde et la communaut\u00e9 internationale honorent la m\u00e9moire de toutes les victimes de cette guerre oubli\u00e9e, des massacres g\u00e9nocidaires qui l\u2019ont caract\u00e9ris\u00e9e et dont le paroxysme fut atteint apr\u00e8s l\u2019attentat terroriste contre l\u2019avion pr\u00e9sidentiel le 06 avril 1994.<\/p><p>Pour comm\u00e9morer ces moments tragiques qui ont marqu\u00e9 \u00e0 jamais tous les rwandais, la r\u00e9gion des grands lacs africains et l\u2019humanit\u00e9 enti\u00e8re, l\u2019Assembl\u00e9e des rwandaises et rwandais du Montr\u00e9al M\u00e9tropolitain (ARM), l\u2019Amicale des rwandaises et rwandais \u00e0 Qu\u00e9bec (AMIRWAQ et la Communaut\u00e9 des immigrants rwandais de la r\u00e9gion d\u2019Ottawa-Gatineau (CIRO), en collaboration avec le Congr\u00e8s rwandais du Canada (CRC), vous convient \u00e0 une c\u00e9l\u00e9bration comm\u00e9morative qui aura lieu le <strong>samedi 09 avril 2022<\/strong> \u00e0 l\u2019<strong>\u00c9glise Saint-Sixte<\/strong>, 1895 rue de l\u2019\u00c9glise, Saint-Laurent, QC, H4M 2M9, \u00e0 <strong>13h00<\/strong>. Nous vous prions de diffuser largement cette invitation \u00e0 travers vos diff\u00e9rents r\u00e9seaux.<\/p><p>Un programme plus d\u00e9taill\u00e9 de la c\u00e9r\u00e9monie vous sera communiqu\u00e9 sous peu.<\/p><p>Pour le Congr\u00e8s rwandais du Canada (CRC)\u00a0<br>Pierre-Claver Nkinamubanzi, pr\u00e9sident<\/p><div class=\"wp-block-buttons is-layout-flex wp-block-buttons-is-layout-flex\"><div class=\"wp-block-button\"><a class=\"wp-block-button__link has-background\" href=\"mailto:kinachem@gmail.com\" style=\"background-color:#83bde3\">Contactez Le CRC<\/a><\/div><\/div>","protected":false},"excerpt":{"rendered":"<p>Comm\u00e9moration du g\u00e9nocide rwandais: 28 ans apr\u00e8s, les plaies sont encore vives Comm\u00e9moration \u00e0 Montr\u00e9al. Chers compatriotes rwandais et chers amis du Rwanda,<\/p>\n","protected":false},"author":1,"featured_media":3830,"parent":1173,"menu_order":0,"comment_status":"closed","ping_status":"closed","template":"","meta":{"footnotes":""},"class_list":["post-3829","page","type-page","status-publish","has-post-thumbnail","hentry"],"yoast_head":"<!-- This site is optimized with the Yoast SEO plugin v23.6 - https:\/\/yoast.com\/wordpress\/plugins\/seo\/ -->\n<title>Messe comm\u00e9morative - ARM<\/title>\n<meta name=\"robots\" content=\"index, follow, max-snippet:-1, max-image-preview:large, max-video-preview:-1\" \/>\n<link rel=\"canonical\" href=\"https:\/\/armetropolitain.com\/fr\/activites\/messe-commemorative\/\" \/>\n<meta property=\"og:locale\" content=\"fr_FR\" \/>\n<meta property=\"og:type\" content=\"article\" \/>\n<meta property=\"og:title\" content=\"Messe comm\u00e9morative - ARM\" \/>\n<meta property=\"og:description\" content=\"Comm\u00e9moration du g\u00e9nocide rwandais: 28 ans apr\u00e8s, les plaies sont encore vives Comm\u00e9moration \u00e0 Montr\u00e9al. Chers compatriotes rwandais et chers amis du Rwanda,\" \/>\n<meta property=\"og:url\" content=\"https:\/\/armetropolitain.com\/fr\/activites\/messe-commemorative\/\" \/>\n<meta property=\"og:site_name\" content=\"ARM\" \/>\n<meta property=\"article:modified_time\" content=\"2022-03-19T12:12:40+00:00\" \/>\n<meta property=\"og:image\" content=\"https:\/\/armetropolitain.com\/wp-content\/uploads\/2022\/03\/pexels-zac-frith-915-500.png\" \/>\n\t<meta property=\"og:image:width\" content=\"915\" \/>\n\t<meta property=\"og:image:height\" content=\"500\" \/>\n\t<meta property=\"og:image:type\" content=\"image\/png\" \/>\n<meta name=\"twitter:card\" content=\"summary_large_image\" \/>\n<meta name=\"twitter:label1\" content=\"Dur\u00e9e de lecture estim\u00e9e\" \/>\n\t<meta name=\"twitter:data1\" content=\"2 minutes\" \/>\n<script type=\"application\/ld+json\" class=\"yoast-schema-graph\">{\"@context\":\"https:\/\/schema.org\",\"@graph\":[{\"@type\":\"WebPage\",\"@id\":\"https:\/\/armetropolitain.com\/fr\/activites\/messe-commemorative\/\",\"url\":\"https:\/\/armetropolitain.com\/fr\/activites\/messe-commemorative\/\",\"name\":\"Messe comm\u00e9morative - ARM\",\"isPartOf\":{\"@id\":\"https:\/\/armetropolitain.com\/fr\/#website\"},\"primaryImageOfPage\":{\"@id\":\"https:\/\/armetropolitain.com\/fr\/activites\/messe-commemorative\/#primaryimage\"},\"image\":{\"@id\":\"https:\/\/armetropolitain.com\/fr\/activites\/messe-commemorative\/#primaryimage\"},\"thumbnailUrl\":\"https:\/\/armetropolitain.com\/wp-content\/uploads\/2022\/03\/pexels-zac-frith-915-500.png\",\"datePublished\":\"2022-03-19T12:00:08+00:00\",\"dateModified\":\"2022-03-19T12:12:40+00:00\",\"breadcrumb\":{\"@id\":\"https:\/\/armetropolitain.com\/fr\/activites\/messe-commemorative\/#breadcrumb\"},\"inLanguage\":\"fr-FR\",\"potentialAction\":[{\"@type\":\"ReadAction\",\"target\":[\"https:\/\/armetropolitain.com\/fr\/activites\/messe-commemorative\/\"]}]},{\"@type\":\"ImageObject\",\"inLanguage\":\"fr-FR\",\"@id\":\"https:\/\/armetropolitain.com\/fr\/activites\/messe-commemorative\/#primaryimage\",\"url\":\"https:\/\/armetropolitain.com\/wp-content\/uploads\/2022\/03\/pexels-zac-frith-915-500.png\",\"contentUrl\":\"https:\/\/armetropolitain.com\/wp-content\/uploads\/2022\/03\/pexels-zac-frith-915-500.png\",\"width\":915,\"height\":500},{\"@type\":\"BreadcrumbList\",\"@id\":\"https:\/\/armetropolitain.com\/fr\/activites\/messe-commemorative\/#breadcrumb\",\"itemListElement\":[{\"@type\":\"ListItem\",\"position\":1,\"name\":\"Accueil\",\"item\":\"https:\/\/armetropolitain.com\/fr\/\"},{\"@type\":\"ListItem\",\"position\":2,\"name\":\"D\u00e9couvrez toutes nos activit\u00e9s\",\"item\":\"https:\/\/armetropolitain.com\/fr\/activites\/\"},{\"@type\":\"ListItem\",\"position\":3,\"name\":\"Messe comm\u00e9morative\"}]},{\"@type\":\"WebSite\",\"@id\":\"https:\/\/armetropolitain.com\/fr\/#website\",\"url\":\"https:\/\/armetropolitain.com\/fr\/\",\"name\":\"ARM\",\"description\":\"\",\"publisher\":{\"@id\":\"https:\/\/armetropolitain.com\/fr\/#organization\"},\"potentialAction\":[{\"@type\":\"SearchAction\",\"target\":{\"@type\":\"EntryPoint\",\"urlTemplate\":\"https:\/\/armetropolitain.com\/fr\/?s={search_term_string}\"},\"query-input\":{\"@type\":\"PropertyValueSpecification\",\"valueRequired\":true,\"valueName\":\"search_term_string\"}}],\"inLanguage\":\"fr-FR\"},{\"@type\":\"Organization\",\"@id\":\"https:\/\/armetropolitain.com\/fr\/#organization\",\"name\":\"ARM\",\"url\":\"https:\/\/armetropolitain.com\/fr\/\",\"logo\":{\"@type\":\"ImageObject\",\"inLanguage\":\"fr-FR\",\"@id\":\"https:\/\/armetropolitain.com\/fr\/#\/schema\/logo\/image\/\",\"url\":\"https:\/\/armetropolitain.com\/wp-content\/uploads\/2022\/02\/arm-logo-900px.jpg\",\"contentUrl\":\"https:\/\/armetropolitain.com\/wp-content\/uploads\/2022\/02\/arm-logo-900px.jpg\",\"width\":900,\"height\":353,\"caption\":\"ARM\"},\"image\":{\"@id\":\"https:\/\/armetropolitain.com\/fr\/#\/schema\/logo\/image\/\"}}]}<\/script>\n<!-- \/ Yoast SEO plugin. -->","yoast_head_json":{"title":"Messe comm\u00e9morative - ARM","robots":{"index":"index","follow":"follow","max-snippet":"max-snippet:-1","max-image-preview":"max-image-preview:large","max-video-preview":"max-video-preview:-1"},"canonical":"https:\/\/armetropolitain.com\/fr\/activites\/messe-commemorative\/","og_locale":"fr_FR","og_type":"article","og_title":"Messe comm\u00e9morative - ARM","og_description":"Comm\u00e9moration du g\u00e9nocide rwandais: 28 ans apr\u00e8s, les plaies sont encore vives Comm\u00e9moration \u00e0 Montr\u00e9al. Chers compatriotes rwandais et chers amis du Rwanda,","og_url":"https:\/\/armetropolitain.com\/fr\/activites\/messe-commemorative\/","og_site_name":"ARM","article_modified_time":"2022-03-19T12:12:40+00:00","og_image":[{"width":915,"height":500,"url":"https:\/\/armetropolitain.com\/wp-content\/uploads\/2022\/03\/pexels-zac-frith-915-500.png","type":"image\/png"}],"twitter_card":"summary_large_image","twitter_misc":{"Dur\u00e9e de lecture estim\u00e9e":"2 minutes"},"schema":{"@context":"https:\/\/schema.org","@graph":[{"@type":"WebPage","@id":"https:\/\/armetropolitain.com\/fr\/activites\/messe-commemorative\/","url":"https:\/\/armetropolitain.com\/fr\/activites\/messe-commemorative\/","name":"Messe comm\u00e9morative - ARM","isPartOf":{"@id":"https:\/\/armetropolitain.com\/fr\/#website"},"primaryImageOfPage":{"@id":"https:\/\/armetropolitain.com\/fr\/activites\/messe-commemorative\/#primaryimage"},"image":{"@id":"https:\/\/armetropolitain.com\/fr\/activites\/messe-commemorative\/#primaryimage"},"thumbnailUrl":"https:\/\/armetropolitain.com\/wp-content\/uploads\/2022\/03\/pexels-zac-frith-915-500.png","datePublished":"2022-03-19T12:00:08+00:00","dateModified":"2022-03-19T12:12:40+00:00","breadcrumb":{"@id":"https:\/\/armetropolitain.com\/fr\/activites\/messe-commemorative\/#breadcrumb"},"inLanguage":"fr-FR","potentialAction":[{"@type":"ReadAction","target":["https:\/\/armetropolitain.com\/fr\/activites\/messe-commemorative\/"]}]},{"@type":"ImageObject","inLanguage":"fr-FR","@id":"https:\/\/armetropolitain.com\/fr\/activites\/messe-commemorative\/#primaryimage","url":"https:\/\/armetropolitain.com\/wp-content\/uploads\/2022\/03\/pexels-zac-frith-915-500.png","contentUrl":"https:\/\/armetropolitain.com\/wp-content\/uploads\/2022\/03\/pexels-zac-frith-915-500.png","width":915,"height":500},{"@type":"BreadcrumbList","@id":"https:\/\/armetropolitain.com\/fr\/activites\/messe-commemorative\/#breadcrumb","itemListElement":[{"@type":"ListItem","position":1,"name":"Accueil","item":"https:\/\/armetropolitain.com\/fr\/"},{"@type":"ListItem","position":2,"name":"D\u00e9couvrez toutes nos activit\u00e9s","item":"https:\/\/armetropolitain.com\/fr\/activites\/"},{"@type":"ListItem","position":3,"name":"Messe comm\u00e9morative"}]},{"@type":"WebSite","@id":"https:\/\/armetropolitain.com\/fr\/#website","url":"https:\/\/armetropolitain.com\/fr\/","name":"ARM","description":"","publisher":{"@id":"https:\/\/armetropolitain.com\/fr\/#organization"},"potentialAction":[{"@type":"SearchAction","target":{"@type":"EntryPoint","urlTemplate":"https:\/\/armetropolitain.com\/fr\/?s={search_term_string}"},"query-input":{"@type":"PropertyValueSpecification","valueRequired":true,"valueName":"search_term_string"}}],"inLanguage":"fr-FR"},{"@type":"Organization","@id":"https:\/\/armetropolitain.com\/fr\/#organization","name":"ARM","url":"https:\/\/armetropolitain.com\/fr\/","logo":{"@type":"ImageObject","inLanguage":"fr-FR","@id":"https:\/\/armetropolitain.com\/fr\/#\/schema\/logo\/image\/","url":"https:\/\/armetropolitain.com\/wp-content\/uploads\/2022\/02\/arm-logo-900px.jpg","contentUrl":"https:\/\/armetropolitain.com\/wp-content\/uploads\/2022\/02\/arm-logo-900px.jpg","width":900,"height":353,"caption":"ARM"},"image":{"@id":"https:\/\/armetropolitain.com\/fr\/#\/schema\/logo\/image\/"}}]}},"_links":{"self":[{"href":"https:\/\/armetropolitain.com\/fr\/wp-json\/wp\/v2\/pages\/3829"}],"collection":[{"href":"https:\/\/armetropolitain.com\/fr\/wp-json\/wp\/v2\/pages"}],"about":[{"href":"https:\/\/armetropolitain.com\/fr\/wp-json\/wp\/v2\/types\/page"}],"author":[{"embeddable":true,"href":"https:\/\/armetropolitain.com\/fr\/wp-json\/wp\/v2\/users\/1"}],"replies":[{"embeddable":true,"href":"https:\/\/armetropolitain.com\/fr\/wp-json\/wp\/v2\/comments?post=3829"}],"version-history":[{"count":8,"href":"https:\/\/armetropolitain.com\/fr\/wp-json\/wp\/v2\/pages\/3829\/revisions"}],"predecessor-version":[{"id":3843,"href":"https:\/\/armetropolitain.com\/fr\/wp-json\/wp\/v2\/pages\/3829\/revisions\/3843"}],"up":[{"embeddable":true,"href":"https:\/\/armetropolitain.com\/fr\/wp-json\/wp\/v2\/pages\/1173"}],"wp:featuredmedia":[{"embeddable":true,"href":"https:\/\/armetropolitain.com\/fr\/wp-json\/wp\/v2\/media\/3830"}],"wp:attachment":[{"href":"https:\/\/armetropolitain.com\/fr\/wp-json\/wp\/v2\/media?parent=3829"}],"curies":[{"name":"wp","href":"https:\/\/api.w.org\/{rel}","templated":true}]}}