{"id":346,"date":"2015-04-26T12:51:49","date_gmt":"2015-04-26T12:51:49","guid":{"rendered":"http:\/\/www.anarieldesign.com\/themedemos\/maisha\/?page_id=346"},"modified":"2022-02-13T10:06:54","modified_gmt":"2022-02-13T15:06:54","slug":"echanges","status":"publish","type":"page","link":"https:\/\/armetropolitain.com\/fr\/nos-objectifs\/echanges\/","title":{"rendered":"\u00c9changes"},"content":{"rendered":"<p><span style=\"font-weight: 400;\">Faire conna\u00eetre au Qu\u00e9bec et au Canada la r\u00e9alit\u00e9 sur le Rwanda;<\/span><\/p>\n<p><!--more--><\/p>\n<p><span style=\"font-weight: 400;\">Contribuer \u00e0 la promotion ainsi qu&rsquo;au renforcement des relations de solidarit\u00e9 entre les peuples rwandais, qu\u00e9b\u00e9cois et canadiens;<\/span><\/p>\n<p><span style=\"font-weight: 400;\">Promouvoir les \u00e9changes entre les associations de Rwandais vivant au Canada et ailleurs dans le monde;<\/span><\/p>\n<p><span style=\"font-weight: 400;\">Faire conna\u00eetre la culture rwandaise au public qu\u00e9b\u00e9cois et canadien et promouvoir une repr\u00e9sentation positive et efficace des Rwandais aupr\u00e8s des instances locales et r\u00e9gionales.<\/span><\/p>\n","protected":false},"excerpt":{"rendered":"<p>Faire conna\u00eetre au Qu\u00e9bec et au Canada la r\u00e9alit\u00e9 sur le Rwanda;<\/p>\n","protected":false},"author":1,"featured_media":3626,"parent":336,"menu_order":0,"comment_status":"closed","ping_status":"closed","template":"page-templates\/full-width-page.php","meta":{"footnotes":""},"class_list":["post-346","page","type-page","status-publish","has-post-thumbnail","hentry"],"yoast_head":"<!-- This site is optimized with the Yoast SEO plugin v23.6 - https:\/\/yoast.com\/wordpress\/plugins\/seo\/ -->\n<title>\u00c9changes - ARM<\/title>\n<meta name=\"robots\" content=\"index, follow, max-snippet:-1, max-image-preview:large, max-video-preview:-1\" \/>\n<link rel=\"canonical\" href=\"https:\/\/armetropolitain.com\/fr\/nos-objectifs\/echanges\/\" \/>\n<meta property=\"og:locale\" content=\"fr_FR\" \/>\n<meta property=\"og:type\" content=\"article\" \/>\n<meta property=\"og:title\" content=\"\u00c9changes - ARM\" \/>\n<meta property=\"og:description\" content=\"Faire conna\u00eetre au Qu\u00e9bec et au Canada la r\u00e9alit\u00e9 sur le Rwanda;\" \/>\n<meta property=\"og:url\" content=\"https:\/\/armetropolitain.com\/fr\/nos-objectifs\/echanges\/\" \/>\n<meta property=\"og:site_name\" content=\"ARM\" \/>\n<meta property=\"article:modified_time\" content=\"2022-02-13T15:06:54+00:00\" \/>\n<meta property=\"og:image\" content=\"https:\/\/armetropolitain.com\/wp-content\/uploads\/2022\/02\/echanges-Photo-by-PICHA-Productions-from-Pexels-color-scaled.jpg\" \/>\n\t<meta property=\"og:image:width\" content=\"2560\" \/>\n\t<meta property=\"og:image:height\" content=\"1391\" \/>\n\t<meta property=\"og:image:type\" content=\"image\/jpeg\" \/>\n<meta name=\"twitter:card\" content=\"summary_large_image\" \/>\n<meta name=\"twitter:label1\" content=\"Dur\u00e9e de lecture estim\u00e9e\" \/>\n\t<meta name=\"twitter:data1\" content=\"1 minute\" \/>\n<script type=\"application\/ld+json\" class=\"yoast-schema-graph\">{\"@context\":\"https:\/\/schema.org\",\"@graph\":[{\"@type\":\"WebPage\",\"@id\":\"https:\/\/armetropolitain.com\/fr\/nos-objectifs\/echanges\/\",\"url\":\"https:\/\/armetropolitain.com\/fr\/nos-objectifs\/echanges\/\",\"name\":\"\u00c9changes - ARM\",\"isPartOf\":{\"@id\":\"https:\/\/armetropolitain.com\/fr\/#website\"},\"primaryImageOfPage\":{\"@id\":\"https:\/\/armetropolitain.com\/fr\/nos-objectifs\/echanges\/#primaryimage\"},\"image\":{\"@id\":\"https:\/\/armetropolitain.com\/fr\/nos-objectifs\/echanges\/#primaryimage\"},\"thumbnailUrl\":\"https:\/\/armetropolitain.com\/wp-content\/uploads\/2022\/02\/echanges-Photo-by-PICHA-Productions-from-Pexels-color-scaled.jpg\",\"datePublished\":\"2015-04-26T12:51:49+00:00\",\"dateModified\":\"2022-02-13T15:06:54+00:00\",\"breadcrumb\":{\"@id\":\"https:\/\/armetropolitain.com\/fr\/nos-objectifs\/echanges\/#breadcrumb\"},\"inLanguage\":\"fr-FR\",\"potentialAction\":[{\"@type\":\"ReadAction\",\"target\":[\"https:\/\/armetropolitain.com\/fr\/nos-objectifs\/echanges\/\"]}]},{\"@type\":\"ImageObject\",\"inLanguage\":\"fr-FR\",\"@id\":\"https:\/\/armetropolitain.com\/fr\/nos-objectifs\/echanges\/#primaryimage\",\"url\":\"https:\/\/armetropolitain.com\/wp-content\/uploads\/2022\/02\/echanges-Photo-by-PICHA-Productions-from-Pexels-color-scaled.jpg\",\"contentUrl\":\"https:\/\/armetropolitain.com\/wp-content\/uploads\/2022\/02\/echanges-Photo-by-PICHA-Productions-from-Pexels-color-scaled.jpg\",\"width\":2560,\"height\":1391},{\"@type\":\"BreadcrumbList\",\"@id\":\"https:\/\/armetropolitain.com\/fr\/nos-objectifs\/echanges\/#breadcrumb\",\"itemListElement\":[{\"@type\":\"ListItem\",\"position\":1,\"name\":\"Accueil\",\"item\":\"https:\/\/armetropolitain.com\/fr\/\"},{\"@type\":\"ListItem\",\"position\":2,\"name\":\"Quels sont nos objectifs?\",\"item\":\"https:\/\/armetropolitain.com\/fr\/nos-objectifs\/\"},{\"@type\":\"ListItem\",\"position\":3,\"name\":\"\u00c9changes\"}]},{\"@type\":\"WebSite\",\"@id\":\"https:\/\/armetropolitain.com\/fr\/#website\",\"url\":\"https:\/\/armetropolitain.com\/fr\/\",\"name\":\"ARM\",\"description\":\"\",\"publisher\":{\"@id\":\"https:\/\/armetropolitain.com\/fr\/#organization\"},\"potentialAction\":[{\"@type\":\"SearchAction\",\"target\":{\"@type\":\"EntryPoint\",\"urlTemplate\":\"https:\/\/armetropolitain.com\/fr\/?s={search_term_string}\"},\"query-input\":{\"@type\":\"PropertyValueSpecification\",\"valueRequired\":true,\"valueName\":\"search_term_string\"}}],\"inLanguage\":\"fr-FR\"},{\"@type\":\"Organization\",\"@id\":\"https:\/\/armetropolitain.com\/fr\/#organization\",\"name\":\"ARM\",\"url\":\"https:\/\/armetropolitain.com\/fr\/\",\"logo\":{\"@type\":\"ImageObject\",\"inLanguage\":\"fr-FR\",\"@id\":\"https:\/\/armetropolitain.com\/fr\/#\/schema\/logo\/image\/\",\"url\":\"https:\/\/armetropolitain.com\/wp-content\/uploads\/2022\/02\/arm-logo-900px.jpg\",\"contentUrl\":\"https:\/\/armetropolitain.com\/wp-content\/uploads\/2022\/02\/arm-logo-900px.jpg\",\"width\":900,\"height\":353,\"caption\":\"ARM\"},\"image\":{\"@id\":\"https:\/\/armetropolitain.com\/fr\/#\/schema\/logo\/image\/\"}}]}<\/script>\n<!-- \/ Yoast SEO plugin. -->","yoast_head_json":{"title":"\u00c9changes - ARM","robots":{"index":"index","follow":"follow","max-snippet":"max-snippet:-1","max-image-preview":"max-image-preview:large","max-video-preview":"max-video-preview:-1"},"canonical":"https:\/\/armetropolitain.com\/fr\/nos-objectifs\/echanges\/","og_locale":"fr_FR","og_type":"article","og_title":"\u00c9changes - ARM","og_description":"Faire conna\u00eetre au Qu\u00e9bec et au Canada la r\u00e9alit\u00e9 sur le Rwanda;","og_url":"https:\/\/armetropolitain.com\/fr\/nos-objectifs\/echanges\/","og_site_name":"ARM","article_modified_time":"2022-02-13T15:06:54+00:00","og_image":[{"width":2560,"height":1391,"url":"https:\/\/armetropolitain.com\/wp-content\/uploads\/2022\/02\/echanges-Photo-by-PICHA-Productions-from-Pexels-color-scaled.jpg","type":"image\/jpeg"}],"twitter_card":"summary_large_image","twitter_misc":{"Dur\u00e9e de lecture estim\u00e9e":"1 minute"},"schema":{"@context":"https:\/\/schema.org","@graph":[{"@type":"WebPage","@id":"https:\/\/armetropolitain.com\/fr\/nos-objectifs\/echanges\/","url":"https:\/\/armetropolitain.com\/fr\/nos-objectifs\/echanges\/","name":"\u00c9changes - ARM","isPartOf":{"@id":"https:\/\/armetropolitain.com\/fr\/#website"},"primaryImageOfPage":{"@id":"https:\/\/armetropolitain.com\/fr\/nos-objectifs\/echanges\/#primaryimage"},"image":{"@id":"https:\/\/armetropolitain.com\/fr\/nos-objectifs\/echanges\/#primaryimage"},"thumbnailUrl":"https:\/\/armetropolitain.com\/wp-content\/uploads\/2022\/02\/echanges-Photo-by-PICHA-Productions-from-Pexels-color-scaled.jpg","datePublished":"2015-04-26T12:51:49+00:00","dateModified":"2022-02-13T15:06:54+00:00","breadcrumb":{"@id":"https:\/\/armetropolitain.com\/fr\/nos-objectifs\/echanges\/#breadcrumb"},"inLanguage":"fr-FR","potentialAction":[{"@type":"ReadAction","target":["https:\/\/armetropolitain.com\/fr\/nos-objectifs\/echanges\/"]}]},{"@type":"ImageObject","inLanguage":"fr-FR","@id":"https:\/\/armetropolitain.com\/fr\/nos-objectifs\/echanges\/#primaryimage","url":"https:\/\/armetropolitain.com\/wp-content\/uploads\/2022\/02\/echanges-Photo-by-PICHA-Productions-from-Pexels-color-scaled.jpg","contentUrl":"https:\/\/armetropolitain.com\/wp-content\/uploads\/2022\/02\/echanges-Photo-by-PICHA-Productions-from-Pexels-color-scaled.jpg","width":2560,"height":1391},{"@type":"BreadcrumbList","@id":"https:\/\/armetropolitain.com\/fr\/nos-objectifs\/echanges\/#breadcrumb","itemListElement":[{"@type":"ListItem","position":1,"name":"Accueil","item":"https:\/\/armetropolitain.com\/fr\/"},{"@type":"ListItem","position":2,"name":"Quels sont nos objectifs?","item":"https:\/\/armetropolitain.com\/fr\/nos-objectifs\/"},{"@type":"ListItem","position":3,"name":"\u00c9changes"}]},{"@type":"WebSite","@id":"https:\/\/armetropolitain.com\/fr\/#website","url":"https:\/\/armetropolitain.com\/fr\/","name":"ARM","description":"","publisher":{"@id":"https:\/\/armetropolitain.com\/fr\/#organization"},"potentialAction":[{"@type":"SearchAction","target":{"@type":"EntryPoint","urlTemplate":"https:\/\/armetropolitain.com\/fr\/?s={search_term_string}"},"query-input":{"@type":"PropertyValueSpecification","valueRequired":true,"valueName":"search_term_string"}}],"inLanguage":"fr-FR"},{"@type":"Organization","@id":"https:\/\/armetropolitain.com\/fr\/#organization","name":"ARM","url":"https:\/\/armetropolitain.com\/fr\/","logo":{"@type":"ImageObject","inLanguage":"fr-FR","@id":"https:\/\/armetropolitain.com\/fr\/#\/schema\/logo\/image\/","url":"https:\/\/armetropolitain.com\/wp-content\/uploads\/2022\/02\/arm-logo-900px.jpg","contentUrl":"https:\/\/armetropolitain.com\/wp-content\/uploads\/2022\/02\/arm-logo-900px.jpg","width":900,"height":353,"caption":"ARM"},"image":{"@id":"https:\/\/armetropolitain.com\/fr\/#\/schema\/logo\/image\/"}}]}},"_links":{"self":[{"href":"https:\/\/armetropolitain.com\/fr\/wp-json\/wp\/v2\/pages\/346"}],"collection":[{"href":"https:\/\/armetropolitain.com\/fr\/wp-json\/wp\/v2\/pages"}],"about":[{"href":"https:\/\/armetropolitain.com\/fr\/wp-json\/wp\/v2\/types\/page"}],"author":[{"embeddable":true,"href":"https:\/\/armetropolitain.com\/fr\/wp-json\/wp\/v2\/users\/1"}],"replies":[{"embeddable":true,"href":"https:\/\/armetropolitain.com\/fr\/wp-json\/wp\/v2\/comments?post=346"}],"version-history":[{"count":4,"href":"https:\/\/armetropolitain.com\/fr\/wp-json\/wp\/v2\/pages\/346\/revisions"}],"predecessor-version":[{"id":3399,"href":"https:\/\/armetropolitain.com\/fr\/wp-json\/wp\/v2\/pages\/346\/revisions\/3399"}],"up":[{"embeddable":true,"href":"https:\/\/armetropolitain.com\/fr\/wp-json\/wp\/v2\/pages\/336"}],"wp:featuredmedia":[{"embeddable":true,"href":"https:\/\/armetropolitain.com\/fr\/wp-json\/wp\/v2\/media\/3626"}],"wp:attachment":[{"href":"https:\/\/armetropolitain.com\/fr\/wp-json\/wp\/v2\/media?parent=346"}],"curies":[{"name":"wp","href":"https:\/\/api.w.org\/{rel}","templated":true}]}}