{"id":3456,"date":"2022-02-09T09:58:43","date_gmt":"2022-02-09T14:58:43","guid":{"rendered":"http:\/\/armetropolitain.com\/?page_id=3456"},"modified":"2022-02-23T16:30:17","modified_gmt":"2022-02-23T21:30:17","slug":"processus-dinscription-au-cours-de-kinyarwanda","status":"publish","type":"page","link":"https:\/\/armetropolitain.com\/fr\/processus-dinscription-au-cours-de-kinyarwanda\/","title":{"rendered":"Processus d\u2019inscription au cours de Kinyarwanda"},"content":{"rendered":"<ul class=\"wp-block-list\"><li>Si vous n&rsquo;aboutissez pas sur la page d&rsquo;acceuil du portail d&rsquo;inscription de l&rsquo;ARM, faites la recherche pour <strong>Assembl\u00e9e des Rwandaises et Rwandais du Montr\u00e9al M\u00e9tropolitain <\/strong>et s\u00e9lectionner cette option<br><br><\/li><\/ul><figure class=\"wp-block-image size-large\"><img fetchpriority=\"high\" decoding=\"async\" width=\"1024\" height=\"395\" src=\"http:\/\/armetropolitain.com\/wp-content\/uploads\/2022\/02\/image-1024x395.png\" alt=\"\" class=\"wp-image-3457\" srcset=\"https:\/\/armetropolitain.com\/wp-content\/uploads\/2022\/02\/image-1024x395.png 1024w, https:\/\/armetropolitain.com\/wp-content\/uploads\/2022\/02\/image-300x116.png 300w, https:\/\/armetropolitain.com\/wp-content\/uploads\/2022\/02\/image-768x296.png 768w, https:\/\/armetropolitain.com\/wp-content\/uploads\/2022\/02\/image-200x77.png 200w, https:\/\/armetropolitain.com\/wp-content\/uploads\/2022\/02\/image-150x58.png 150w, https:\/\/armetropolitain.com\/wp-content\/uploads\/2022\/02\/image-547x211.png 547w, https:\/\/armetropolitain.com\/wp-content\/uploads\/2022\/02\/image-678x261.png 678w, https:\/\/armetropolitain.com\/wp-content\/uploads\/2022\/02\/image-524x202.png 524w, https:\/\/armetropolitain.com\/wp-content\/uploads\/2022\/02\/image-420x162.png 420w, https:\/\/armetropolitain.com\/wp-content\/uploads\/2022\/02\/image-444x171.png 444w, https:\/\/armetropolitain.com\/wp-content\/uploads\/2022\/02\/image-916x353.png 916w, https:\/\/armetropolitain.com\/wp-content\/uploads\/2022\/02\/image-600x231.png 600w, https:\/\/armetropolitain.com\/wp-content\/uploads\/2022\/02\/image.png 1334w\" sizes=\"(max-width: 1024px) 100vw, 1024px\" \/><figcaption><br><\/figcaption><\/figure><ul class=\"wp-block-list\"><li>Pour vous inscrire, veuillez cliquer sur \u00a0\u00bbSE CONNECTER\u00a0\u00bb dans le menu en haut \u00e0 droite<\/li><li>Une fois connecter, s\u00e9lectionner le membre de la famille que vous d\u00e9sirez inscrire \u00e0 l\u2019activit\u00e9<br><br><img decoding=\"async\" width=\"352\" height=\"89\" src=\"https:\/\/lh5.googleusercontent.com\/IfvkGMte-3vK3vDzh1k7AoPJPXUHP7YwV7JoNys8Nh5tnYoA85zZjxa2fT7kGuaXzfhpcmqZ7Z98SFba9_48Ocjfc1OpA9d_WoAoBDiueJ0EuafAYG6hlhgpzloQrfikqS9oIfNl\"><br><\/li><li>S\u00e9lectionner <strong>Inscription aux activit\u00e9s<\/strong> dans le menu en haut \u00e0 droite<br><br><img decoding=\"async\" width=\"463\" height=\"107\" src=\"https:\/\/lh4.googleusercontent.com\/8lNbo5YB-Kj--Zz4xefV5iqa8-ytwVxuYwSljeq1unxAb3U8UwHbNPEdPoyzoozOBuEqiFjPVKCDPe10S-aOq9vcnF6qbuX8V_rVZ23moDVnMOmGTDyQkPXWaUa_7T5zW2gQ27mq\"><br><\/li><li>S\u00e9lectionner <strong>Activit\u00e9s culturelles<\/strong> dans le champ <em>Programme<\/em><br><br><\/li><\/ul><figure class=\"wp-block-image size-full\"><img loading=\"lazy\" decoding=\"async\" width=\"454\" height=\"136\" src=\"http:\/\/armetropolitain.com\/wp-content\/uploads\/2022\/02\/image-1.png\" alt=\"\" class=\"wp-image-3704\" srcset=\"https:\/\/armetropolitain.com\/wp-content\/uploads\/2022\/02\/image-1.png 454w, https:\/\/armetropolitain.com\/wp-content\/uploads\/2022\/02\/image-1-300x90.png 300w, https:\/\/armetropolitain.com\/wp-content\/uploads\/2022\/02\/image-1-200x60.png 200w, https:\/\/armetropolitain.com\/wp-content\/uploads\/2022\/02\/image-1-150x45.png 150w, https:\/\/armetropolitain.com\/wp-content\/uploads\/2022\/02\/image-1-420x126.png 420w, https:\/\/armetropolitain.com\/wp-content\/uploads\/2022\/02\/image-1-444x133.png 444w\" sizes=\"(max-width: 454px) 100vw, 454px\" \/><\/figure><ul class=\"wp-block-list\"><li>S\u00e9lectionner <strong>Cours de Kinyarwanda <\/strong>&nbsp;dans le champ <em>Niveau<\/em><br><br><\/li><\/ul><figure class=\"wp-block-image size-full\"><img loading=\"lazy\" decoding=\"async\" width=\"456\" height=\"127\" src=\"http:\/\/armetropolitain.com\/wp-content\/uploads\/2022\/02\/image-2.png\" alt=\"\" class=\"wp-image-3707\" srcset=\"https:\/\/armetropolitain.com\/wp-content\/uploads\/2022\/02\/image-2.png 456w, https:\/\/armetropolitain.com\/wp-content\/uploads\/2022\/02\/image-2-300x84.png 300w, https:\/\/armetropolitain.com\/wp-content\/uploads\/2022\/02\/image-2-200x56.png 200w, https:\/\/armetropolitain.com\/wp-content\/uploads\/2022\/02\/image-2-150x42.png 150w, https:\/\/armetropolitain.com\/wp-content\/uploads\/2022\/02\/image-2-420x117.png 420w, https:\/\/armetropolitain.com\/wp-content\/uploads\/2022\/02\/image-2-444x124.png 444w\" sizes=\"(max-width: 456px) 100vw, 456px\" \/><\/figure><ul class=\"wp-block-list\"><li>Si vous \u00eates un adulte et que vous d\u00e9sirez b\u00e9n\u00e9ficier des prix membre ajouter une carte de membre annuelle<br><br><img loading=\"lazy\" decoding=\"async\" width=\"487\" height=\"307\" src=\"https:\/\/lh3.googleusercontent.com\/K6iCQ5KnT1Shrd9vxSNy_lAuW-RpAPo64HMvx_waVCFHjNglo7fDmnZ0J529liajD1vDNjsiEovrPrWHp5NbYf78R_TTJhEUypcafjGKWYUKOOu0csyY4KYDVfYVsCc1jZCAmn80\"><br><\/li><\/ul><ul class=\"wp-block-list\"><li>Ajouter l\u2019activit\u00e9 \u00e0 laquelle vous d\u00e9sirez vous inscrire. Si vous \u00eatre membre, veuillez ajouter une carte membre \u00e0 tous vos enfants (moins de 18 ans) pour que vos enfants puissent b\u00e9nificient \u00e9galement des prix membres.<\/li><\/ul><p><img loading=\"lazy\" decoding=\"async\" src=\"https:\/\/lh5.googleusercontent.com\/Blj20FhFOdibr9gDtwtn1DUwzh9DQJ4O3buZBtcpRARq759ZOCCWl1Rk5wwu24WO4qec8ZABSUJo-NApdZhiZUTMyBAii53Rfc7N5Y61Qgl5ehYardjE7m3muziUjkNPoxOvWPgN\" width=\"624\" height=\"328\"><\/p><div class=\"wp-block-button\"><a data-track-link-name=\"register kinya lessons\" data-track-link-type=\"cta\" data-track-link-position=\"content\" class=\"wp-block-button__link has-background\" href=\"https:\/\/www.sport-plus-online.com\/PrmsMVC\/?VirId=1554&amp;ArrId=1760\" style=\"background-color:#83bde3\" target=\"_blank\" rel=\"noreferrer noopener\">S&rsquo;inscrire<\/a><\/div>","protected":false},"excerpt":{"rendered":"<p>Si vous n&rsquo;aboutissez pas sur la page d&rsquo;acceuil du portail d&rsquo;inscription de l&rsquo;ARM, faites la recherche pour Assembl\u00e9e des Rwandaises et Rwandais du Montr\u00e9al M\u00e9tropolitain et s\u00e9lectionner cette option Pour vous inscrire, veuillez cliquer sur \u00a0\u00bbSE CONNECTER\u00a0\u00bb dans le menu en haut \u00e0 droite Une fois connecter, s\u00e9lectionner le membre de la famille que vous &hellip; <a href=\"https:\/\/armetropolitain.com\/fr\/processus-dinscription-au-cours-de-kinyarwanda\/\" class=\"more-link\">Lire la suite <span class=\"screen-reader-text\">Processus d\u2019inscription au cours de Kinyarwanda<\/span><\/a><\/p>\n","protected":false},"author":1,"featured_media":3586,"parent":0,"menu_order":0,"comment_status":"closed","ping_status":"closed","template":"","meta":{"footnotes":""},"class_list":["post-3456","page","type-page","status-publish","has-post-thumbnail","hentry"],"yoast_head":"<!-- This site is optimized with the Yoast SEO plugin v23.6 - https:\/\/yoast.com\/wordpress\/plugins\/seo\/ -->\n<title>Processus d\u2019inscription au cours de Kinyarwanda - ARM<\/title>\n<meta name=\"robots\" content=\"index, follow, max-snippet:-1, max-image-preview:large, max-video-preview:-1\" \/>\n<link rel=\"canonical\" href=\"https:\/\/armetropolitain.com\/fr\/processus-dinscription-au-cours-de-kinyarwanda\/\" \/>\n<meta property=\"og:locale\" content=\"fr_FR\" \/>\n<meta property=\"og:type\" content=\"article\" \/>\n<meta property=\"og:title\" content=\"Processus d\u2019inscription au cours de Kinyarwanda - ARM\" \/>\n<meta property=\"og:description\" content=\"Si vous n&rsquo;aboutissez pas sur la page d&rsquo;acceuil du portail d&rsquo;inscription de l&rsquo;ARM, faites la recherche pour Assembl\u00e9e des Rwandaises et Rwandais du Montr\u00e9al M\u00e9tropolitain et s\u00e9lectionner cette option Pour vous inscrire, veuillez cliquer sur \u00a0\u00bbSE CONNECTER\u00a0\u00bb dans le menu en haut \u00e0 droite Une fois connecter, s\u00e9lectionner le membre de la famille que vous &hellip; Lire la suite Processus d\u2019inscription au cours de Kinyarwanda\" \/>\n<meta property=\"og:url\" content=\"https:\/\/armetropolitain.com\/fr\/processus-dinscription-au-cours-de-kinyarwanda\/\" \/>\n<meta property=\"og:site_name\" content=\"ARM\" \/>\n<meta property=\"article:modified_time\" content=\"2022-02-23T21:30:17+00:00\" \/>\n<meta property=\"og:image\" content=\"https:\/\/armetropolitain.com\/wp-content\/uploads\/2022\/02\/cours-kinya-Photo-by-Jannik-Skorna-on-Unsplash-color-scaled.jpg\" \/>\n\t<meta property=\"og:image:width\" content=\"2560\" \/>\n\t<meta property=\"og:image:height\" content=\"1398\" \/>\n\t<meta property=\"og:image:type\" content=\"image\/jpeg\" \/>\n<meta name=\"twitter:card\" content=\"summary_large_image\" \/>\n<meta name=\"twitter:label1\" content=\"Dur\u00e9e de lecture estim\u00e9e\" \/>\n\t<meta name=\"twitter:data1\" content=\"3 minutes\" \/>\n<script type=\"application\/ld+json\" class=\"yoast-schema-graph\">{\"@context\":\"https:\/\/schema.org\",\"@graph\":[{\"@type\":\"WebPage\",\"@id\":\"https:\/\/armetropolitain.com\/fr\/processus-dinscription-au-cours-de-kinyarwanda\/\",\"url\":\"https:\/\/armetropolitain.com\/fr\/processus-dinscription-au-cours-de-kinyarwanda\/\",\"name\":\"Processus d\u2019inscription au cours de Kinyarwanda - ARM\",\"isPartOf\":{\"@id\":\"https:\/\/armetropolitain.com\/fr\/#website\"},\"primaryImageOfPage\":{\"@id\":\"https:\/\/armetropolitain.com\/fr\/processus-dinscription-au-cours-de-kinyarwanda\/#primaryimage\"},\"image\":{\"@id\":\"https:\/\/armetropolitain.com\/fr\/processus-dinscription-au-cours-de-kinyarwanda\/#primaryimage\"},\"thumbnailUrl\":\"https:\/\/armetropolitain.com\/wp-content\/uploads\/2022\/02\/cours-kinya-Photo-by-Jannik-Skorna-on-Unsplash-color-scaled.jpg\",\"datePublished\":\"2022-02-09T14:58:43+00:00\",\"dateModified\":\"2022-02-23T21:30:17+00:00\",\"breadcrumb\":{\"@id\":\"https:\/\/armetropolitain.com\/fr\/processus-dinscription-au-cours-de-kinyarwanda\/#breadcrumb\"},\"inLanguage\":\"fr-FR\",\"potentialAction\":[{\"@type\":\"ReadAction\",\"target\":[\"https:\/\/armetropolitain.com\/fr\/processus-dinscription-au-cours-de-kinyarwanda\/\"]}]},{\"@type\":\"ImageObject\",\"inLanguage\":\"fr-FR\",\"@id\":\"https:\/\/armetropolitain.com\/fr\/processus-dinscription-au-cours-de-kinyarwanda\/#primaryimage\",\"url\":\"https:\/\/armetropolitain.com\/wp-content\/uploads\/2022\/02\/cours-kinya-Photo-by-Jannik-Skorna-on-Unsplash-color-scaled.jpg\",\"contentUrl\":\"https:\/\/armetropolitain.com\/wp-content\/uploads\/2022\/02\/cours-kinya-Photo-by-Jannik-Skorna-on-Unsplash-color-scaled.jpg\",\"width\":2560,\"height\":1398},{\"@type\":\"BreadcrumbList\",\"@id\":\"https:\/\/armetropolitain.com\/fr\/processus-dinscription-au-cours-de-kinyarwanda\/#breadcrumb\",\"itemListElement\":[{\"@type\":\"ListItem\",\"position\":1,\"name\":\"Accueil\",\"item\":\"https:\/\/armetropolitain.com\/fr\/\"},{\"@type\":\"ListItem\",\"position\":2,\"name\":\"Processus d\u2019inscription au cours de Kinyarwanda\"}]},{\"@type\":\"WebSite\",\"@id\":\"https:\/\/armetropolitain.com\/fr\/#website\",\"url\":\"https:\/\/armetropolitain.com\/fr\/\",\"name\":\"ARM\",\"description\":\"\",\"publisher\":{\"@id\":\"https:\/\/armetropolitain.com\/fr\/#organization\"},\"potentialAction\":[{\"@type\":\"SearchAction\",\"target\":{\"@type\":\"EntryPoint\",\"urlTemplate\":\"https:\/\/armetropolitain.com\/fr\/?s={search_term_string}\"},\"query-input\":{\"@type\":\"PropertyValueSpecification\",\"valueRequired\":true,\"valueName\":\"search_term_string\"}}],\"inLanguage\":\"fr-FR\"},{\"@type\":\"Organization\",\"@id\":\"https:\/\/armetropolitain.com\/fr\/#organization\",\"name\":\"ARM\",\"url\":\"https:\/\/armetropolitain.com\/fr\/\",\"logo\":{\"@type\":\"ImageObject\",\"inLanguage\":\"fr-FR\",\"@id\":\"https:\/\/armetropolitain.com\/fr\/#\/schema\/logo\/image\/\",\"url\":\"https:\/\/armetropolitain.com\/wp-content\/uploads\/2022\/02\/arm-logo-900px.jpg\",\"contentUrl\":\"https:\/\/armetropolitain.com\/wp-content\/uploads\/2022\/02\/arm-logo-900px.jpg\",\"width\":900,\"height\":353,\"caption\":\"ARM\"},\"image\":{\"@id\":\"https:\/\/armetropolitain.com\/fr\/#\/schema\/logo\/image\/\"}}]}<\/script>\n<!-- \/ Yoast SEO plugin. -->","yoast_head_json":{"title":"Processus d\u2019inscription au cours de Kinyarwanda - ARM","robots":{"index":"index","follow":"follow","max-snippet":"max-snippet:-1","max-image-preview":"max-image-preview:large","max-video-preview":"max-video-preview:-1"},"canonical":"https:\/\/armetropolitain.com\/fr\/processus-dinscription-au-cours-de-kinyarwanda\/","og_locale":"fr_FR","og_type":"article","og_title":"Processus d\u2019inscription au cours de Kinyarwanda - ARM","og_description":"Si vous n&rsquo;aboutissez pas sur la page d&rsquo;acceuil du portail d&rsquo;inscription de l&rsquo;ARM, faites la recherche pour Assembl\u00e9e des Rwandaises et Rwandais du Montr\u00e9al M\u00e9tropolitain et s\u00e9lectionner cette option Pour vous inscrire, veuillez cliquer sur \u00a0\u00bbSE CONNECTER\u00a0\u00bb dans le menu en haut \u00e0 droite Une fois connecter, s\u00e9lectionner le membre de la famille que vous &hellip; Lire la suite Processus d\u2019inscription au cours de Kinyarwanda","og_url":"https:\/\/armetropolitain.com\/fr\/processus-dinscription-au-cours-de-kinyarwanda\/","og_site_name":"ARM","article_modified_time":"2022-02-23T21:30:17+00:00","og_image":[{"width":2560,"height":1398,"url":"https:\/\/armetropolitain.com\/wp-content\/uploads\/2022\/02\/cours-kinya-Photo-by-Jannik-Skorna-on-Unsplash-color-scaled.jpg","type":"image\/jpeg"}],"twitter_card":"summary_large_image","twitter_misc":{"Dur\u00e9e de lecture estim\u00e9e":"3 minutes"},"schema":{"@context":"https:\/\/schema.org","@graph":[{"@type":"WebPage","@id":"https:\/\/armetropolitain.com\/fr\/processus-dinscription-au-cours-de-kinyarwanda\/","url":"https:\/\/armetropolitain.com\/fr\/processus-dinscription-au-cours-de-kinyarwanda\/","name":"Processus d\u2019inscription au cours de Kinyarwanda - ARM","isPartOf":{"@id":"https:\/\/armetropolitain.com\/fr\/#website"},"primaryImageOfPage":{"@id":"https:\/\/armetropolitain.com\/fr\/processus-dinscription-au-cours-de-kinyarwanda\/#primaryimage"},"image":{"@id":"https:\/\/armetropolitain.com\/fr\/processus-dinscription-au-cours-de-kinyarwanda\/#primaryimage"},"thumbnailUrl":"https:\/\/armetropolitain.com\/wp-content\/uploads\/2022\/02\/cours-kinya-Photo-by-Jannik-Skorna-on-Unsplash-color-scaled.jpg","datePublished":"2022-02-09T14:58:43+00:00","dateModified":"2022-02-23T21:30:17+00:00","breadcrumb":{"@id":"https:\/\/armetropolitain.com\/fr\/processus-dinscription-au-cours-de-kinyarwanda\/#breadcrumb"},"inLanguage":"fr-FR","potentialAction":[{"@type":"ReadAction","target":["https:\/\/armetropolitain.com\/fr\/processus-dinscription-au-cours-de-kinyarwanda\/"]}]},{"@type":"ImageObject","inLanguage":"fr-FR","@id":"https:\/\/armetropolitain.com\/fr\/processus-dinscription-au-cours-de-kinyarwanda\/#primaryimage","url":"https:\/\/armetropolitain.com\/wp-content\/uploads\/2022\/02\/cours-kinya-Photo-by-Jannik-Skorna-on-Unsplash-color-scaled.jpg","contentUrl":"https:\/\/armetropolitain.com\/wp-content\/uploads\/2022\/02\/cours-kinya-Photo-by-Jannik-Skorna-on-Unsplash-color-scaled.jpg","width":2560,"height":1398},{"@type":"BreadcrumbList","@id":"https:\/\/armetropolitain.com\/fr\/processus-dinscription-au-cours-de-kinyarwanda\/#breadcrumb","itemListElement":[{"@type":"ListItem","position":1,"name":"Accueil","item":"https:\/\/armetropolitain.com\/fr\/"},{"@type":"ListItem","position":2,"name":"Processus d\u2019inscription au cours de Kinyarwanda"}]},{"@type":"WebSite","@id":"https:\/\/armetropolitain.com\/fr\/#website","url":"https:\/\/armetropolitain.com\/fr\/","name":"ARM","description":"","publisher":{"@id":"https:\/\/armetropolitain.com\/fr\/#organization"},"potentialAction":[{"@type":"SearchAction","target":{"@type":"EntryPoint","urlTemplate":"https:\/\/armetropolitain.com\/fr\/?s={search_term_string}"},"query-input":{"@type":"PropertyValueSpecification","valueRequired":true,"valueName":"search_term_string"}}],"inLanguage":"fr-FR"},{"@type":"Organization","@id":"https:\/\/armetropolitain.com\/fr\/#organization","name":"ARM","url":"https:\/\/armetropolitain.com\/fr\/","logo":{"@type":"ImageObject","inLanguage":"fr-FR","@id":"https:\/\/armetropolitain.com\/fr\/#\/schema\/logo\/image\/","url":"https:\/\/armetropolitain.com\/wp-content\/uploads\/2022\/02\/arm-logo-900px.jpg","contentUrl":"https:\/\/armetropolitain.com\/wp-content\/uploads\/2022\/02\/arm-logo-900px.jpg","width":900,"height":353,"caption":"ARM"},"image":{"@id":"https:\/\/armetropolitain.com\/fr\/#\/schema\/logo\/image\/"}}]}},"_links":{"self":[{"href":"https:\/\/armetropolitain.com\/fr\/wp-json\/wp\/v2\/pages\/3456"}],"collection":[{"href":"https:\/\/armetropolitain.com\/fr\/wp-json\/wp\/v2\/pages"}],"about":[{"href":"https:\/\/armetropolitain.com\/fr\/wp-json\/wp\/v2\/types\/page"}],"author":[{"embeddable":true,"href":"https:\/\/armetropolitain.com\/fr\/wp-json\/wp\/v2\/users\/1"}],"replies":[{"embeddable":true,"href":"https:\/\/armetropolitain.com\/fr\/wp-json\/wp\/v2\/comments?post=3456"}],"version-history":[{"count":7,"href":"https:\/\/armetropolitain.com\/fr\/wp-json\/wp\/v2\/pages\/3456\/revisions"}],"predecessor-version":[{"id":3793,"href":"https:\/\/armetropolitain.com\/fr\/wp-json\/wp\/v2\/pages\/3456\/revisions\/3793"}],"wp:featuredmedia":[{"embeddable":true,"href":"https:\/\/armetropolitain.com\/fr\/wp-json\/wp\/v2\/media\/3586"}],"wp:attachment":[{"href":"https:\/\/armetropolitain.com\/fr\/wp-json\/wp\/v2\/media?parent=3456"}],"curies":[{"name":"wp","href":"https:\/\/api.w.org\/{rel}","templated":true}]}}