{"id":3442,"date":"2022-02-09T08:51:32","date_gmt":"2022-02-09T13:51:32","guid":{"rendered":"http:\/\/armetropolitain.com\/?page_id=3442"},"modified":"2022-02-25T17:12:17","modified_gmt":"2022-02-25T22:12:17","slug":"devenir-membre","status":"publish","type":"page","link":"https:\/\/armetropolitain.com\/fr\/devenir-membre\/","title":{"rendered":"Devenir membre d\u00e8s aujourd&rsquo;hui"},"content":{"rendered":"<div class=\"wp-block-columns is-layout-flex wp-container-core-columns-is-layout-1 wp-block-columns-is-layout-flex\"><div class=\"wp-block-column is-layout-flow wp-block-column-is-layout-flow\"><p class=\"has-text-align-center\">Avez-vous un attachement \u00e0 votre communaut\u00e9? Avez-vous \u00e0 c\u0153ur le bien \u00eatre de votre communaut\u00e9? Si oui, ne tardez plus \u00e0 rejoindre l\u2019ARM pour pouvoir faire des rencontres, \u00e9changer, s\u2019entraider et b\u00e9n\u00e9ficier des tarifs pr\u00e9f\u00e9rentiels pour les services et activit\u00e9s de l\u2019ARM.<\/p><\/div><\/div><div class=\"wp-block-columns is-layout-flex wp-container-core-columns-is-layout-2 wp-block-columns-is-layout-flex\"><div class=\"wp-block-column is-layout-flow wp-block-column-is-layout-flow\"><h2 class=\"wp-block-heading\"><strong>Les droits des membres effectifs sont<\/strong><\/h2>\n\n<ul style=\"margin-left: 1.5em;\"><li>\u00c9ligibilit\u00e9 \u00e0 tous les postes des organes de l&rsquo;association;<\/li><li>Jouissance des services offerts par l&rsquo;association;<\/li><li>Droit de regard au patrimoine de l&rsquo;association;<\/li><li>Participation aux assembl\u00e9es g\u00e9n\u00e9rales avec voix d\u00e9lib\u00e9rative.<\/li><\/ul><\/div>\n\n<div class=\"wp-block-column is-layout-flow wp-block-column-is-layout-flow\"><h2 class=\"wp-block-heading\"><strong>Les obligations des membres effectifs sont<\/strong><\/h2>\n\n<ul style=\"margin-left: 1.5em;\"><li>Respecter les statuts d\u00e8s son adh\u00e9sion \u00e0 l&rsquo;association;<\/li><li>S&rsquo;acquitter de sa cotisation annuelle fix\u00e9e par l\u2019assembl\u00e9e g\u00e9n\u00e9rale \u00e0 chaque ann\u00e9e;<\/li><li>Travailler pour l&rsquo;atteinte des objectifs de l&rsquo;association;<\/li><li>Participer r\u00e9guli\u00e8rement aux r\u00e9unions et activit\u00e9s de l&rsquo;association.<\/li><\/ul><\/div><\/div><div class=\"wp-block-buttons wp-block-button is-layout-flex wp-block-buttons-is-layout-flex\"><p><a class=\"wp-block-button__link has-background\" data-track-link-name=\"become a member\" data-track-link-type=\"cta\" data-track-link-position=\"content\" href=\"https:\/\/www.sport-plus-online.com\/PrmsMVC\/?VirId=1554&amp;ArrId=1760\" style=\"background-color:#83bde3\" target=\"_blank\" rel=\"noopener\">Devenir membre<\/a><\/p><\/div>","protected":false},"excerpt":{"rendered":"<p>Avez-vous un attachement \u00e0 votre communaut\u00e9? Avez-vous \u00e0 c\u0153ur le bien \u00eatre de votre communaut\u00e9? Si oui, ne tardez plus \u00e0 rejoindre l\u2019ARM pour pouvoir faire des rencontres, \u00e9changer, s\u2019entraider et b\u00e9n\u00e9ficier des tarifs pr\u00e9f\u00e9rentiels pour les services et activit\u00e9s de l\u2019ARM. Les droits des membres effectifs sont \u00c9ligibilit\u00e9 \u00e0 tous les postes des organes &hellip; <a href=\"https:\/\/armetropolitain.com\/fr\/devenir-membre\/\" class=\"more-link\">Lire la suite <span class=\"screen-reader-text\">Devenir membre d\u00e8s aujourd&rsquo;hui<\/span><\/a><\/p>\n","protected":false},"author":1,"featured_media":3652,"parent":0,"menu_order":0,"comment_status":"closed","ping_status":"closed","template":"","meta":{"footnotes":""},"class_list":["post-3442","page","type-page","status-publish","has-post-thumbnail","hentry"],"yoast_head":"<!-- This site is optimized with the Yoast SEO plugin v23.6 - https:\/\/yoast.com\/wordpress\/plugins\/seo\/ -->\n<title>Devenir membre d\u00e8s aujourd&#039;hui - ARM<\/title>\n<meta name=\"robots\" content=\"index, follow, max-snippet:-1, max-image-preview:large, max-video-preview:-1\" \/>\n<link rel=\"canonical\" href=\"https:\/\/armetropolitain.com\/fr\/devenir-membre\/\" \/>\n<meta property=\"og:locale\" content=\"fr_FR\" \/>\n<meta property=\"og:type\" content=\"article\" \/>\n<meta property=\"og:title\" content=\"Devenir membre d\u00e8s aujourd&#039;hui - ARM\" \/>\n<meta property=\"og:description\" content=\"Avez-vous un attachement \u00e0 votre communaut\u00e9? Avez-vous \u00e0 c\u0153ur le bien \u00eatre de votre communaut\u00e9? Si oui, ne tardez plus \u00e0 rejoindre l\u2019ARM pour pouvoir faire des rencontres, \u00e9changer, s\u2019entraider et b\u00e9n\u00e9ficier des tarifs pr\u00e9f\u00e9rentiels pour les services et activit\u00e9s de l\u2019ARM. Les droits des membres effectifs sont \u00c9ligibilit\u00e9 \u00e0 tous les postes des organes &hellip; Lire la suite Devenir membre d\u00e8s aujourd&rsquo;hui\" \/>\n<meta property=\"og:url\" content=\"https:\/\/armetropolitain.com\/fr\/devenir-membre\/\" \/>\n<meta property=\"og:site_name\" content=\"ARM\" \/>\n<meta property=\"article:modified_time\" content=\"2022-02-25T22:12:17+00:00\" \/>\n<meta property=\"og:image\" content=\"https:\/\/armetropolitain.com\/wp-content\/uploads\/2022\/02\/member-pexels-kindel-media-bleu-2.jpg\" \/>\n\t<meta property=\"og:image:width\" content=\"1670\" \/>\n\t<meta property=\"og:image:height\" content=\"615\" \/>\n\t<meta property=\"og:image:type\" content=\"image\/jpeg\" \/>\n<meta name=\"twitter:card\" content=\"summary_large_image\" \/>\n<meta name=\"twitter:label1\" content=\"Dur\u00e9e de lecture estim\u00e9e\" \/>\n\t<meta name=\"twitter:data1\" content=\"1 minute\" \/>\n<script type=\"application\/ld+json\" class=\"yoast-schema-graph\">{\"@context\":\"https:\/\/schema.org\",\"@graph\":[{\"@type\":\"WebPage\",\"@id\":\"https:\/\/armetropolitain.com\/fr\/devenir-membre\/\",\"url\":\"https:\/\/armetropolitain.com\/fr\/devenir-membre\/\",\"name\":\"Devenir membre d\u00e8s aujourd'hui - ARM\",\"isPartOf\":{\"@id\":\"https:\/\/armetropolitain.com\/fr\/#website\"},\"primaryImageOfPage\":{\"@id\":\"https:\/\/armetropolitain.com\/fr\/devenir-membre\/#primaryimage\"},\"image\":{\"@id\":\"https:\/\/armetropolitain.com\/fr\/devenir-membre\/#primaryimage\"},\"thumbnailUrl\":\"https:\/\/armetropolitain.com\/wp-content\/uploads\/2022\/02\/member-pexels-kindel-media-bleu-2.jpg\",\"datePublished\":\"2022-02-09T13:51:32+00:00\",\"dateModified\":\"2022-02-25T22:12:17+00:00\",\"breadcrumb\":{\"@id\":\"https:\/\/armetropolitain.com\/fr\/devenir-membre\/#breadcrumb\"},\"inLanguage\":\"fr-FR\",\"potentialAction\":[{\"@type\":\"ReadAction\",\"target\":[\"https:\/\/armetropolitain.com\/fr\/devenir-membre\/\"]}]},{\"@type\":\"ImageObject\",\"inLanguage\":\"fr-FR\",\"@id\":\"https:\/\/armetropolitain.com\/fr\/devenir-membre\/#primaryimage\",\"url\":\"https:\/\/armetropolitain.com\/wp-content\/uploads\/2022\/02\/member-pexels-kindel-media-bleu-2.jpg\",\"contentUrl\":\"https:\/\/armetropolitain.com\/wp-content\/uploads\/2022\/02\/member-pexels-kindel-media-bleu-2.jpg\",\"width\":1670,\"height\":615},{\"@type\":\"BreadcrumbList\",\"@id\":\"https:\/\/armetropolitain.com\/fr\/devenir-membre\/#breadcrumb\",\"itemListElement\":[{\"@type\":\"ListItem\",\"position\":1,\"name\":\"Accueil\",\"item\":\"https:\/\/armetropolitain.com\/fr\/\"},{\"@type\":\"ListItem\",\"position\":2,\"name\":\"Devenir membre d\u00e8s aujourd&rsquo;hui\"}]},{\"@type\":\"WebSite\",\"@id\":\"https:\/\/armetropolitain.com\/fr\/#website\",\"url\":\"https:\/\/armetropolitain.com\/fr\/\",\"name\":\"ARM\",\"description\":\"\",\"publisher\":{\"@id\":\"https:\/\/armetropolitain.com\/fr\/#organization\"},\"potentialAction\":[{\"@type\":\"SearchAction\",\"target\":{\"@type\":\"EntryPoint\",\"urlTemplate\":\"https:\/\/armetropolitain.com\/fr\/?s={search_term_string}\"},\"query-input\":{\"@type\":\"PropertyValueSpecification\",\"valueRequired\":true,\"valueName\":\"search_term_string\"}}],\"inLanguage\":\"fr-FR\"},{\"@type\":\"Organization\",\"@id\":\"https:\/\/armetropolitain.com\/fr\/#organization\",\"name\":\"ARM\",\"url\":\"https:\/\/armetropolitain.com\/fr\/\",\"logo\":{\"@type\":\"ImageObject\",\"inLanguage\":\"fr-FR\",\"@id\":\"https:\/\/armetropolitain.com\/fr\/#\/schema\/logo\/image\/\",\"url\":\"https:\/\/armetropolitain.com\/wp-content\/uploads\/2022\/02\/arm-logo-900px.jpg\",\"contentUrl\":\"https:\/\/armetropolitain.com\/wp-content\/uploads\/2022\/02\/arm-logo-900px.jpg\",\"width\":900,\"height\":353,\"caption\":\"ARM\"},\"image\":{\"@id\":\"https:\/\/armetropolitain.com\/fr\/#\/schema\/logo\/image\/\"}}]}<\/script>\n<!-- \/ Yoast SEO plugin. -->","yoast_head_json":{"title":"Devenir membre d\u00e8s aujourd'hui - ARM","robots":{"index":"index","follow":"follow","max-snippet":"max-snippet:-1","max-image-preview":"max-image-preview:large","max-video-preview":"max-video-preview:-1"},"canonical":"https:\/\/armetropolitain.com\/fr\/devenir-membre\/","og_locale":"fr_FR","og_type":"article","og_title":"Devenir membre d\u00e8s aujourd'hui - ARM","og_description":"Avez-vous un attachement \u00e0 votre communaut\u00e9? Avez-vous \u00e0 c\u0153ur le bien \u00eatre de votre communaut\u00e9? Si oui, ne tardez plus \u00e0 rejoindre l\u2019ARM pour pouvoir faire des rencontres, \u00e9changer, s\u2019entraider et b\u00e9n\u00e9ficier des tarifs pr\u00e9f\u00e9rentiels pour les services et activit\u00e9s de l\u2019ARM. Les droits des membres effectifs sont \u00c9ligibilit\u00e9 \u00e0 tous les postes des organes &hellip; Lire la suite Devenir membre d\u00e8s aujourd&rsquo;hui","og_url":"https:\/\/armetropolitain.com\/fr\/devenir-membre\/","og_site_name":"ARM","article_modified_time":"2022-02-25T22:12:17+00:00","og_image":[{"width":1670,"height":615,"url":"https:\/\/armetropolitain.com\/wp-content\/uploads\/2022\/02\/member-pexels-kindel-media-bleu-2.jpg","type":"image\/jpeg"}],"twitter_card":"summary_large_image","twitter_misc":{"Dur\u00e9e de lecture estim\u00e9e":"1 minute"},"schema":{"@context":"https:\/\/schema.org","@graph":[{"@type":"WebPage","@id":"https:\/\/armetropolitain.com\/fr\/devenir-membre\/","url":"https:\/\/armetropolitain.com\/fr\/devenir-membre\/","name":"Devenir membre d\u00e8s aujourd'hui - ARM","isPartOf":{"@id":"https:\/\/armetropolitain.com\/fr\/#website"},"primaryImageOfPage":{"@id":"https:\/\/armetropolitain.com\/fr\/devenir-membre\/#primaryimage"},"image":{"@id":"https:\/\/armetropolitain.com\/fr\/devenir-membre\/#primaryimage"},"thumbnailUrl":"https:\/\/armetropolitain.com\/wp-content\/uploads\/2022\/02\/member-pexels-kindel-media-bleu-2.jpg","datePublished":"2022-02-09T13:51:32+00:00","dateModified":"2022-02-25T22:12:17+00:00","breadcrumb":{"@id":"https:\/\/armetropolitain.com\/fr\/devenir-membre\/#breadcrumb"},"inLanguage":"fr-FR","potentialAction":[{"@type":"ReadAction","target":["https:\/\/armetropolitain.com\/fr\/devenir-membre\/"]}]},{"@type":"ImageObject","inLanguage":"fr-FR","@id":"https:\/\/armetropolitain.com\/fr\/devenir-membre\/#primaryimage","url":"https:\/\/armetropolitain.com\/wp-content\/uploads\/2022\/02\/member-pexels-kindel-media-bleu-2.jpg","contentUrl":"https:\/\/armetropolitain.com\/wp-content\/uploads\/2022\/02\/member-pexels-kindel-media-bleu-2.jpg","width":1670,"height":615},{"@type":"BreadcrumbList","@id":"https:\/\/armetropolitain.com\/fr\/devenir-membre\/#breadcrumb","itemListElement":[{"@type":"ListItem","position":1,"name":"Accueil","item":"https:\/\/armetropolitain.com\/fr\/"},{"@type":"ListItem","position":2,"name":"Devenir membre d\u00e8s aujourd&rsquo;hui"}]},{"@type":"WebSite","@id":"https:\/\/armetropolitain.com\/fr\/#website","url":"https:\/\/armetropolitain.com\/fr\/","name":"ARM","description":"","publisher":{"@id":"https:\/\/armetropolitain.com\/fr\/#organization"},"potentialAction":[{"@type":"SearchAction","target":{"@type":"EntryPoint","urlTemplate":"https:\/\/armetropolitain.com\/fr\/?s={search_term_string}"},"query-input":{"@type":"PropertyValueSpecification","valueRequired":true,"valueName":"search_term_string"}}],"inLanguage":"fr-FR"},{"@type":"Organization","@id":"https:\/\/armetropolitain.com\/fr\/#organization","name":"ARM","url":"https:\/\/armetropolitain.com\/fr\/","logo":{"@type":"ImageObject","inLanguage":"fr-FR","@id":"https:\/\/armetropolitain.com\/fr\/#\/schema\/logo\/image\/","url":"https:\/\/armetropolitain.com\/wp-content\/uploads\/2022\/02\/arm-logo-900px.jpg","contentUrl":"https:\/\/armetropolitain.com\/wp-content\/uploads\/2022\/02\/arm-logo-900px.jpg","width":900,"height":353,"caption":"ARM"},"image":{"@id":"https:\/\/armetropolitain.com\/fr\/#\/schema\/logo\/image\/"}}]}},"_links":{"self":[{"href":"https:\/\/armetropolitain.com\/fr\/wp-json\/wp\/v2\/pages\/3442"}],"collection":[{"href":"https:\/\/armetropolitain.com\/fr\/wp-json\/wp\/v2\/pages"}],"about":[{"href":"https:\/\/armetropolitain.com\/fr\/wp-json\/wp\/v2\/types\/page"}],"author":[{"embeddable":true,"href":"https:\/\/armetropolitain.com\/fr\/wp-json\/wp\/v2\/users\/1"}],"replies":[{"embeddable":true,"href":"https:\/\/armetropolitain.com\/fr\/wp-json\/wp\/v2\/comments?post=3442"}],"version-history":[{"count":16,"href":"https:\/\/armetropolitain.com\/fr\/wp-json\/wp\/v2\/pages\/3442\/revisions"}],"predecessor-version":[{"id":3700,"href":"https:\/\/armetropolitain.com\/fr\/wp-json\/wp\/v2\/pages\/3442\/revisions\/3700"}],"wp:featuredmedia":[{"embeddable":true,"href":"https:\/\/armetropolitain.com\/fr\/wp-json\/wp\/v2\/media\/3652"}],"wp:attachment":[{"href":"https:\/\/armetropolitain.com\/fr\/wp-json\/wp\/v2\/media?parent=3442"}],"curies":[{"name":"wp","href":"https:\/\/api.w.org\/{rel}","templated":true}]}}