{"id":1178,"date":"2015-04-20T08:54:19","date_gmt":"2015-04-20T08:54:19","guid":{"rendered":"http:\/\/www.anarieldesign.com\/themedemos\/maisha\/?page_id=42"},"modified":"2022-02-13T10:53:48","modified_gmt":"2022-02-13T15:53:48","slug":"pourquoi-don","status":"publish","type":"page","link":"https:\/\/armetropolitain.com\/fr\/pourquoi-don\/","title":{"rendered":"Pourquoi faire un don?"},"content":{"rendered":"<div class=\"wp-block-columns is-layout-flex wp-container-core-columns-is-layout-1 wp-block-columns-is-layout-flex\"><div class=\"wp-block-column is-layout-flow wp-block-column-is-layout-flow\"><p class=\"has-text-align-center\">Faire un don \u00e0 l&rsquo;ARM,&nbsp;c&rsquo;est lui donner les moyens d&rsquo;am\u00e9liorer les offres de services aupr\u00e8s de ses membres. C&rsquo;est de contribuer aux succ\u00e8s des activit\u00e9s et des \u00e9v\u00e8nements communautaires de rassemblement, de promotion et d&rsquo;int\u00e9gration organis\u00e9s par l&rsquo;ARM. Votre don permettra \u00e0 l&rsquo;ARM de r\u00e9aliser les projets ambitieux aux b\u00e9n\u00e9fices de ses membres et de notre communaut\u00e9.<\/p>\n\n<p class=\"has-text-align-center\"><strong>Merci pour votre contribution.<\/strong><\/p><\/div><\/div><div class=\"wp-block-columns is-layout-flex wp-container-core-columns-is-layout-2 wp-block-columns-is-layout-flex\"><div class=\"wp-block-column is-layout-flow wp-block-column-is-layout-flow\"><\/div>\n\n<div class=\"wp-block-column is-layout-flow wp-block-column-is-layout-flow\"><div class=\"wp-block-buttons is-content-justification-center is-layout-flex wp-block-buttons-is-layout-flex\"><div class=\"wp-block-button color center\"><a class=\"wp-block-button__link has-background\" data-track-link-name=\"donate\" data-track-link-type=\"cta\" data-track-link-position=\"content\" href=\"https:\/\/www.sport-plus-online.com\/PrmsMVC\/?VirId=1554&amp;ArrId=1760&amp;Produit=True\" style=\"background-color:#83bde3\" target=\"_blank\" rel=\"noreferrer noopener\">Donner<\/a><\/div><\/div><\/div>\n\n<div class=\"wp-block-column is-layout-flow wp-block-column-is-layout-flow\"><\/div><\/div><p><\/p>","protected":false},"excerpt":{"rendered":"<p>Faire un don \u00e0 l&rsquo;ARM,&nbsp;c&rsquo;est lui donner les moyens d&rsquo;am\u00e9liorer les offres de services aupr\u00e8s de ses membres. C&rsquo;est de contribuer aux succ\u00e8s des activit\u00e9s et des \u00e9v\u00e8nements communautaires de rassemblement, de promotion et d&rsquo;int\u00e9gration organis\u00e9s par l&rsquo;ARM. Votre don permettra \u00e0 l&rsquo;ARM de r\u00e9aliser les projets ambitieux aux b\u00e9n\u00e9fices de ses membres et de &hellip; <a href=\"https:\/\/armetropolitain.com\/fr\/pourquoi-don\/\" class=\"more-link\">Lire la suite <span class=\"screen-reader-text\">Pourquoi faire un don?<\/span><\/a><\/p>\n","protected":false},"author":1,"featured_media":3661,"parent":0,"menu_order":0,"comment_status":"closed","ping_status":"closed","template":"","meta":{"footnotes":""},"class_list":["post-1178","page","type-page","status-publish","has-post-thumbnail","hentry"],"yoast_head":"<!-- This site is optimized with the Yoast SEO plugin v23.6 - https:\/\/yoast.com\/wordpress\/plugins\/seo\/ -->\n<title>Pourquoi faire un don? - ARM<\/title>\n<meta name=\"robots\" content=\"index, follow, max-snippet:-1, max-image-preview:large, max-video-preview:-1\" \/>\n<link rel=\"canonical\" href=\"https:\/\/armetropolitain.com\/fr\/pourquoi-don\/\" \/>\n<meta property=\"og:locale\" content=\"fr_FR\" \/>\n<meta property=\"og:type\" content=\"article\" \/>\n<meta property=\"og:title\" content=\"Pourquoi faire un don? - ARM\" \/>\n<meta property=\"og:description\" content=\"Faire un don \u00e0 l&rsquo;ARM,&nbsp;c&rsquo;est lui donner les moyens d&rsquo;am\u00e9liorer les offres de services aupr\u00e8s de ses membres. C&rsquo;est de contribuer aux succ\u00e8s des activit\u00e9s et des \u00e9v\u00e8nements communautaires de rassemblement, de promotion et d&rsquo;int\u00e9gration organis\u00e9s par l&rsquo;ARM. Votre don permettra \u00e0 l&rsquo;ARM de r\u00e9aliser les projets ambitieux aux b\u00e9n\u00e9fices de ses membres et de &hellip; Lire la suite Pourquoi faire un don?\" \/>\n<meta property=\"og:url\" content=\"https:\/\/armetropolitain.com\/fr\/pourquoi-don\/\" \/>\n<meta property=\"og:site_name\" content=\"ARM\" \/>\n<meta property=\"article:modified_time\" content=\"2022-02-13T15:53:48+00:00\" \/>\n<meta property=\"og:image\" content=\"https:\/\/armetropolitain.com\/wp-content\/uploads\/2022\/02\/faire-un-don-photo-by-rodnae-productions-frompexels-blue-2.jpg\" \/>\n\t<meta property=\"og:image:width\" content=\"1670\" \/>\n\t<meta property=\"og:image:height\" content=\"615\" \/>\n\t<meta property=\"og:image:type\" content=\"image\/jpeg\" \/>\n<meta name=\"twitter:card\" content=\"summary_large_image\" \/>\n<meta name=\"twitter:label1\" content=\"Dur\u00e9e de lecture estim\u00e9e\" \/>\n\t<meta name=\"twitter:data1\" content=\"1 minute\" \/>\n<script type=\"application\/ld+json\" class=\"yoast-schema-graph\">{\"@context\":\"https:\/\/schema.org\",\"@graph\":[{\"@type\":\"WebPage\",\"@id\":\"https:\/\/armetropolitain.com\/fr\/pourquoi-don\/\",\"url\":\"https:\/\/armetropolitain.com\/fr\/pourquoi-don\/\",\"name\":\"Pourquoi faire un don? - ARM\",\"isPartOf\":{\"@id\":\"https:\/\/armetropolitain.com\/fr\/#website\"},\"primaryImageOfPage\":{\"@id\":\"https:\/\/armetropolitain.com\/fr\/pourquoi-don\/#primaryimage\"},\"image\":{\"@id\":\"https:\/\/armetropolitain.com\/fr\/pourquoi-don\/#primaryimage\"},\"thumbnailUrl\":\"https:\/\/armetropolitain.com\/wp-content\/uploads\/2022\/02\/faire-un-don-photo-by-rodnae-productions-frompexels-blue-2.jpg\",\"datePublished\":\"2015-04-20T08:54:19+00:00\",\"dateModified\":\"2022-02-13T15:53:48+00:00\",\"breadcrumb\":{\"@id\":\"https:\/\/armetropolitain.com\/fr\/pourquoi-don\/#breadcrumb\"},\"inLanguage\":\"fr-FR\",\"potentialAction\":[{\"@type\":\"ReadAction\",\"target\":[\"https:\/\/armetropolitain.com\/fr\/pourquoi-don\/\"]}]},{\"@type\":\"ImageObject\",\"inLanguage\":\"fr-FR\",\"@id\":\"https:\/\/armetropolitain.com\/fr\/pourquoi-don\/#primaryimage\",\"url\":\"https:\/\/armetropolitain.com\/wp-content\/uploads\/2022\/02\/faire-un-don-photo-by-rodnae-productions-frompexels-blue-2.jpg\",\"contentUrl\":\"https:\/\/armetropolitain.com\/wp-content\/uploads\/2022\/02\/faire-un-don-photo-by-rodnae-productions-frompexels-blue-2.jpg\",\"width\":1670,\"height\":615},{\"@type\":\"BreadcrumbList\",\"@id\":\"https:\/\/armetropolitain.com\/fr\/pourquoi-don\/#breadcrumb\",\"itemListElement\":[{\"@type\":\"ListItem\",\"position\":1,\"name\":\"Accueil\",\"item\":\"https:\/\/armetropolitain.com\/fr\/\"},{\"@type\":\"ListItem\",\"position\":2,\"name\":\"Pourquoi faire un don?\"}]},{\"@type\":\"WebSite\",\"@id\":\"https:\/\/armetropolitain.com\/fr\/#website\",\"url\":\"https:\/\/armetropolitain.com\/fr\/\",\"name\":\"ARM\",\"description\":\"\",\"publisher\":{\"@id\":\"https:\/\/armetropolitain.com\/fr\/#organization\"},\"potentialAction\":[{\"@type\":\"SearchAction\",\"target\":{\"@type\":\"EntryPoint\",\"urlTemplate\":\"https:\/\/armetropolitain.com\/fr\/?s={search_term_string}\"},\"query-input\":{\"@type\":\"PropertyValueSpecification\",\"valueRequired\":true,\"valueName\":\"search_term_string\"}}],\"inLanguage\":\"fr-FR\"},{\"@type\":\"Organization\",\"@id\":\"https:\/\/armetropolitain.com\/fr\/#organization\",\"name\":\"ARM\",\"url\":\"https:\/\/armetropolitain.com\/fr\/\",\"logo\":{\"@type\":\"ImageObject\",\"inLanguage\":\"fr-FR\",\"@id\":\"https:\/\/armetropolitain.com\/fr\/#\/schema\/logo\/image\/\",\"url\":\"https:\/\/armetropolitain.com\/wp-content\/uploads\/2022\/02\/arm-logo-900px.jpg\",\"contentUrl\":\"https:\/\/armetropolitain.com\/wp-content\/uploads\/2022\/02\/arm-logo-900px.jpg\",\"width\":900,\"height\":353,\"caption\":\"ARM\"},\"image\":{\"@id\":\"https:\/\/armetropolitain.com\/fr\/#\/schema\/logo\/image\/\"}}]}<\/script>\n<!-- \/ Yoast SEO plugin. -->","yoast_head_json":{"title":"Pourquoi faire un don? - ARM","robots":{"index":"index","follow":"follow","max-snippet":"max-snippet:-1","max-image-preview":"max-image-preview:large","max-video-preview":"max-video-preview:-1"},"canonical":"https:\/\/armetropolitain.com\/fr\/pourquoi-don\/","og_locale":"fr_FR","og_type":"article","og_title":"Pourquoi faire un don? - ARM","og_description":"Faire un don \u00e0 l&rsquo;ARM,&nbsp;c&rsquo;est lui donner les moyens d&rsquo;am\u00e9liorer les offres de services aupr\u00e8s de ses membres. C&rsquo;est de contribuer aux succ\u00e8s des activit\u00e9s et des \u00e9v\u00e8nements communautaires de rassemblement, de promotion et d&rsquo;int\u00e9gration organis\u00e9s par l&rsquo;ARM. Votre don permettra \u00e0 l&rsquo;ARM de r\u00e9aliser les projets ambitieux aux b\u00e9n\u00e9fices de ses membres et de &hellip; Lire la suite Pourquoi faire un don?","og_url":"https:\/\/armetropolitain.com\/fr\/pourquoi-don\/","og_site_name":"ARM","article_modified_time":"2022-02-13T15:53:48+00:00","og_image":[{"width":1670,"height":615,"url":"https:\/\/armetropolitain.com\/wp-content\/uploads\/2022\/02\/faire-un-don-photo-by-rodnae-productions-frompexels-blue-2.jpg","type":"image\/jpeg"}],"twitter_card":"summary_large_image","twitter_misc":{"Dur\u00e9e de lecture estim\u00e9e":"1 minute"},"schema":{"@context":"https:\/\/schema.org","@graph":[{"@type":"WebPage","@id":"https:\/\/armetropolitain.com\/fr\/pourquoi-don\/","url":"https:\/\/armetropolitain.com\/fr\/pourquoi-don\/","name":"Pourquoi faire un don? - ARM","isPartOf":{"@id":"https:\/\/armetropolitain.com\/fr\/#website"},"primaryImageOfPage":{"@id":"https:\/\/armetropolitain.com\/fr\/pourquoi-don\/#primaryimage"},"image":{"@id":"https:\/\/armetropolitain.com\/fr\/pourquoi-don\/#primaryimage"},"thumbnailUrl":"https:\/\/armetropolitain.com\/wp-content\/uploads\/2022\/02\/faire-un-don-photo-by-rodnae-productions-frompexels-blue-2.jpg","datePublished":"2015-04-20T08:54:19+00:00","dateModified":"2022-02-13T15:53:48+00:00","breadcrumb":{"@id":"https:\/\/armetropolitain.com\/fr\/pourquoi-don\/#breadcrumb"},"inLanguage":"fr-FR","potentialAction":[{"@type":"ReadAction","target":["https:\/\/armetropolitain.com\/fr\/pourquoi-don\/"]}]},{"@type":"ImageObject","inLanguage":"fr-FR","@id":"https:\/\/armetropolitain.com\/fr\/pourquoi-don\/#primaryimage","url":"https:\/\/armetropolitain.com\/wp-content\/uploads\/2022\/02\/faire-un-don-photo-by-rodnae-productions-frompexels-blue-2.jpg","contentUrl":"https:\/\/armetropolitain.com\/wp-content\/uploads\/2022\/02\/faire-un-don-photo-by-rodnae-productions-frompexels-blue-2.jpg","width":1670,"height":615},{"@type":"BreadcrumbList","@id":"https:\/\/armetropolitain.com\/fr\/pourquoi-don\/#breadcrumb","itemListElement":[{"@type":"ListItem","position":1,"name":"Accueil","item":"https:\/\/armetropolitain.com\/fr\/"},{"@type":"ListItem","position":2,"name":"Pourquoi faire un don?"}]},{"@type":"WebSite","@id":"https:\/\/armetropolitain.com\/fr\/#website","url":"https:\/\/armetropolitain.com\/fr\/","name":"ARM","description":"","publisher":{"@id":"https:\/\/armetropolitain.com\/fr\/#organization"},"potentialAction":[{"@type":"SearchAction","target":{"@type":"EntryPoint","urlTemplate":"https:\/\/armetropolitain.com\/fr\/?s={search_term_string}"},"query-input":{"@type":"PropertyValueSpecification","valueRequired":true,"valueName":"search_term_string"}}],"inLanguage":"fr-FR"},{"@type":"Organization","@id":"https:\/\/armetropolitain.com\/fr\/#organization","name":"ARM","url":"https:\/\/armetropolitain.com\/fr\/","logo":{"@type":"ImageObject","inLanguage":"fr-FR","@id":"https:\/\/armetropolitain.com\/fr\/#\/schema\/logo\/image\/","url":"https:\/\/armetropolitain.com\/wp-content\/uploads\/2022\/02\/arm-logo-900px.jpg","contentUrl":"https:\/\/armetropolitain.com\/wp-content\/uploads\/2022\/02\/arm-logo-900px.jpg","width":900,"height":353,"caption":"ARM"},"image":{"@id":"https:\/\/armetropolitain.com\/fr\/#\/schema\/logo\/image\/"}}]}},"_links":{"self":[{"href":"https:\/\/armetropolitain.com\/fr\/wp-json\/wp\/v2\/pages\/1178"}],"collection":[{"href":"https:\/\/armetropolitain.com\/fr\/wp-json\/wp\/v2\/pages"}],"about":[{"href":"https:\/\/armetropolitain.com\/fr\/wp-json\/wp\/v2\/types\/page"}],"author":[{"embeddable":true,"href":"https:\/\/armetropolitain.com\/fr\/wp-json\/wp\/v2\/users\/1"}],"replies":[{"embeddable":true,"href":"https:\/\/armetropolitain.com\/fr\/wp-json\/wp\/v2\/comments?post=1178"}],"version-history":[{"count":21,"href":"https:\/\/armetropolitain.com\/fr\/wp-json\/wp\/v2\/pages\/1178\/revisions"}],"predecessor-version":[{"id":3555,"href":"https:\/\/armetropolitain.com\/fr\/wp-json\/wp\/v2\/pages\/1178\/revisions\/3555"}],"wp:featuredmedia":[{"embeddable":true,"href":"https:\/\/armetropolitain.com\/fr\/wp-json\/wp\/v2\/media\/3661"}],"wp:attachment":[{"href":"https:\/\/armetropolitain.com\/fr\/wp-json\/wp\/v2\/media?parent=1178"}],"curies":[{"name":"wp","href":"https:\/\/api.w.org\/{rel}","templated":true}]}}