{"id":1176,"date":"2015-04-20T06:43:05","date_gmt":"2015-04-20T06:43:05","guid":{"rendered":"http:\/\/www.anarieldesign.com\/themedemos\/maisha\/?page_id=30"},"modified":"2022-02-13T10:32:49","modified_gmt":"2022-02-13T15:32:49","slug":"front-page","status":"publish","type":"page","link":"https:\/\/armetropolitain.com\/fr\/","title":{"rendered":"Accueil"},"content":{"rendered":"<h1 class=\"wp-block-heading\">ARM<\/h1><p>L&rsquo;Assembl\u00e9e des Rwandaises et Rwandais du Montr\u00e9al M\u00e9tropolitain (ARM) est un organisme sans but lucratif fond\u00e9 le <strong>18 f\u00e9vrier 1996<\/strong>. Il a \u00e9t\u00e9 fond\u00e9 selon la loi qu\u00e9b\u00e9coise  sur les compagnies \u00e0 but non lucratif. La mission de l\u2019ARM est d&rsquo;\u00e9tablir et de promouvoir les activit\u00e9s culturelles, des services et des programmes pour la communaut\u00e9 rwandaise pour aider les personnes \u00e0 se rassembler et s\u2019int\u00e9grer enti\u00e8rement non seulement  au Qu\u00e9bec mais aussi au Canada. L\u2019ARM offre divers services en kinyarwanda, fran\u00e7ais et anglais.<\/p>\n\n<p><a class=\"button color\" href=\"https:\/\/armetropolitain.com\/fr\/a-propos\/\">En savoir plus<\/a><\/p>","protected":false},"excerpt":{"rendered":"<p>ARM L&rsquo;Assembl\u00e9e des Rwandaises et Rwandais du Montr\u00e9al M\u00e9tropolitain (ARM) est un organisme sans but lucratif fond\u00e9 le 18 f\u00e9vrier 1996. Il a \u00e9t\u00e9 fond\u00e9 selon la loi qu\u00e9b\u00e9coise sur les compagnies \u00e0 but non lucratif. La mission de l\u2019ARM est d&rsquo;\u00e9tablir et de promouvoir les activit\u00e9s culturelles, des services et des programmes pour la &hellip; <a href=\"https:\/\/armetropolitain.com\/fr\/\" class=\"more-link\">Lire la suite <span class=\"screen-reader-text\">Accueil<\/span><\/a><\/p>\n","protected":false},"author":1,"featured_media":3643,"parent":0,"menu_order":0,"comment_status":"closed","ping_status":"closed","template":"page-templates\/front-page.php","meta":{"footnotes":""},"class_list":["post-1176","page","type-page","status-publish","has-post-thumbnail","hentry"],"yoast_head":"<!-- This site is optimized with the Yoast SEO plugin v23.6 - https:\/\/yoast.com\/wordpress\/plugins\/seo\/ -->\n<title>Accueil - ARM<\/title>\n<meta name=\"robots\" content=\"index, follow, max-snippet:-1, max-image-preview:large, max-video-preview:-1\" \/>\n<link rel=\"canonical\" href=\"https:\/\/armetropolitain.com\/fr\/\" \/>\n<meta property=\"og:locale\" content=\"fr_FR\" \/>\n<meta property=\"og:type\" content=\"article\" \/>\n<meta property=\"og:title\" content=\"Accueil - ARM\" \/>\n<meta property=\"og:description\" content=\"ARM L&rsquo;Assembl\u00e9e des Rwandaises et Rwandais du Montr\u00e9al M\u00e9tropolitain (ARM) est un organisme sans but lucratif fond\u00e9 le 18 f\u00e9vrier 1996. Il a \u00e9t\u00e9 fond\u00e9 selon la loi qu\u00e9b\u00e9coise sur les compagnies \u00e0 but non lucratif. La mission de l\u2019ARM est d&rsquo;\u00e9tablir et de promouvoir les activit\u00e9s culturelles, des services et des programmes pour la &hellip; Lire la suite Accueil\" \/>\n<meta property=\"og:url\" content=\"https:\/\/armetropolitain.com\/fr\/\" \/>\n<meta property=\"og:site_name\" content=\"ARM\" \/>\n<meta property=\"article:modified_time\" content=\"2022-02-13T15:32:49+00:00\" \/>\n<meta property=\"og:image\" content=\"https:\/\/armetropolitain.com\/wp-content\/uploads\/2022\/02\/home-photo-by-maxime-niyomwungeri-on-unsplash-blue-2.jpg\" \/>\n\t<meta property=\"og:image:width\" content=\"2560\" \/>\n\t<meta property=\"og:image:height\" content=\"940\" \/>\n\t<meta property=\"og:image:type\" content=\"image\/jpeg\" \/>\n<meta name=\"twitter:card\" content=\"summary_large_image\" \/>\n<meta name=\"twitter:label1\" content=\"Dur\u00e9e de lecture estim\u00e9e\" \/>\n\t<meta name=\"twitter:data1\" content=\"1 minute\" \/>\n<script type=\"application\/ld+json\" class=\"yoast-schema-graph\">{\"@context\":\"https:\/\/schema.org\",\"@graph\":[{\"@type\":\"WebPage\",\"@id\":\"https:\/\/armetropolitain.com\/fr\/\",\"url\":\"https:\/\/armetropolitain.com\/fr\/\",\"name\":\"Accueil - ARM\",\"isPartOf\":{\"@id\":\"https:\/\/armetropolitain.com\/fr\/#website\"},\"primaryImageOfPage\":{\"@id\":\"https:\/\/armetropolitain.com\/fr\/#primaryimage\"},\"image\":{\"@id\":\"https:\/\/armetropolitain.com\/fr\/#primaryimage\"},\"thumbnailUrl\":\"https:\/\/armetropolitain.com\/wp-content\/uploads\/2022\/02\/home-photo-by-maxime-niyomwungeri-on-unsplash-blue-2.jpg\",\"datePublished\":\"2015-04-20T06:43:05+00:00\",\"dateModified\":\"2022-02-13T15:32:49+00:00\",\"breadcrumb\":{\"@id\":\"https:\/\/armetropolitain.com\/fr\/#breadcrumb\"},\"inLanguage\":\"fr-FR\",\"potentialAction\":[{\"@type\":\"ReadAction\",\"target\":[\"https:\/\/armetropolitain.com\/fr\/\"]}]},{\"@type\":\"ImageObject\",\"inLanguage\":\"fr-FR\",\"@id\":\"https:\/\/armetropolitain.com\/fr\/#primaryimage\",\"url\":\"https:\/\/armetropolitain.com\/wp-content\/uploads\/2022\/02\/home-photo-by-maxime-niyomwungeri-on-unsplash-blue-2.jpg\",\"contentUrl\":\"https:\/\/armetropolitain.com\/wp-content\/uploads\/2022\/02\/home-photo-by-maxime-niyomwungeri-on-unsplash-blue-2.jpg\",\"width\":2560,\"height\":940},{\"@type\":\"BreadcrumbList\",\"@id\":\"https:\/\/armetropolitain.com\/fr\/#breadcrumb\",\"itemListElement\":[{\"@type\":\"ListItem\",\"position\":1,\"name\":\"Accueil\",\"item\":\"https:\/\/armetropolitain.com\/fr\/\"},{\"@type\":\"ListItem\",\"position\":2,\"name\":\"Accueil\"}]},{\"@type\":\"WebSite\",\"@id\":\"https:\/\/armetropolitain.com\/fr\/#website\",\"url\":\"https:\/\/armetropolitain.com\/fr\/\",\"name\":\"ARM\",\"description\":\"\",\"publisher\":{\"@id\":\"https:\/\/armetropolitain.com\/fr\/#organization\"},\"potentialAction\":[{\"@type\":\"SearchAction\",\"target\":{\"@type\":\"EntryPoint\",\"urlTemplate\":\"https:\/\/armetropolitain.com\/fr\/?s={search_term_string}\"},\"query-input\":{\"@type\":\"PropertyValueSpecification\",\"valueRequired\":true,\"valueName\":\"search_term_string\"}}],\"inLanguage\":\"fr-FR\"},{\"@type\":\"Organization\",\"@id\":\"https:\/\/armetropolitain.com\/fr\/#organization\",\"name\":\"ARM\",\"url\":\"https:\/\/armetropolitain.com\/fr\/\",\"logo\":{\"@type\":\"ImageObject\",\"inLanguage\":\"fr-FR\",\"@id\":\"https:\/\/armetropolitain.com\/fr\/#\/schema\/logo\/image\/\",\"url\":\"https:\/\/armetropolitain.com\/wp-content\/uploads\/2022\/02\/arm-logo-900px.jpg\",\"contentUrl\":\"https:\/\/armetropolitain.com\/wp-content\/uploads\/2022\/02\/arm-logo-900px.jpg\",\"width\":900,\"height\":353,\"caption\":\"ARM\"},\"image\":{\"@id\":\"https:\/\/armetropolitain.com\/fr\/#\/schema\/logo\/image\/\"}}]}<\/script>\n<!-- \/ Yoast SEO plugin. -->","yoast_head_json":{"title":"Accueil - ARM","robots":{"index":"index","follow":"follow","max-snippet":"max-snippet:-1","max-image-preview":"max-image-preview:large","max-video-preview":"max-video-preview:-1"},"canonical":"https:\/\/armetropolitain.com\/fr\/","og_locale":"fr_FR","og_type":"article","og_title":"Accueil - ARM","og_description":"ARM L&rsquo;Assembl\u00e9e des Rwandaises et Rwandais du Montr\u00e9al M\u00e9tropolitain (ARM) est un organisme sans but lucratif fond\u00e9 le 18 f\u00e9vrier 1996. Il a \u00e9t\u00e9 fond\u00e9 selon la loi qu\u00e9b\u00e9coise sur les compagnies \u00e0 but non lucratif. La mission de l\u2019ARM est d&rsquo;\u00e9tablir et de promouvoir les activit\u00e9s culturelles, des services et des programmes pour la &hellip; Lire la suite Accueil","og_url":"https:\/\/armetropolitain.com\/fr\/","og_site_name":"ARM","article_modified_time":"2022-02-13T15:32:49+00:00","og_image":[{"width":2560,"height":940,"url":"https:\/\/armetropolitain.com\/wp-content\/uploads\/2022\/02\/home-photo-by-maxime-niyomwungeri-on-unsplash-blue-2.jpg","type":"image\/jpeg"}],"twitter_card":"summary_large_image","twitter_misc":{"Dur\u00e9e de lecture estim\u00e9e":"1 minute"},"schema":{"@context":"https:\/\/schema.org","@graph":[{"@type":"WebPage","@id":"https:\/\/armetropolitain.com\/fr\/","url":"https:\/\/armetropolitain.com\/fr\/","name":"Accueil - ARM","isPartOf":{"@id":"https:\/\/armetropolitain.com\/fr\/#website"},"primaryImageOfPage":{"@id":"https:\/\/armetropolitain.com\/fr\/#primaryimage"},"image":{"@id":"https:\/\/armetropolitain.com\/fr\/#primaryimage"},"thumbnailUrl":"https:\/\/armetropolitain.com\/wp-content\/uploads\/2022\/02\/home-photo-by-maxime-niyomwungeri-on-unsplash-blue-2.jpg","datePublished":"2015-04-20T06:43:05+00:00","dateModified":"2022-02-13T15:32:49+00:00","breadcrumb":{"@id":"https:\/\/armetropolitain.com\/fr\/#breadcrumb"},"inLanguage":"fr-FR","potentialAction":[{"@type":"ReadAction","target":["https:\/\/armetropolitain.com\/fr\/"]}]},{"@type":"ImageObject","inLanguage":"fr-FR","@id":"https:\/\/armetropolitain.com\/fr\/#primaryimage","url":"https:\/\/armetropolitain.com\/wp-content\/uploads\/2022\/02\/home-photo-by-maxime-niyomwungeri-on-unsplash-blue-2.jpg","contentUrl":"https:\/\/armetropolitain.com\/wp-content\/uploads\/2022\/02\/home-photo-by-maxime-niyomwungeri-on-unsplash-blue-2.jpg","width":2560,"height":940},{"@type":"BreadcrumbList","@id":"https:\/\/armetropolitain.com\/fr\/#breadcrumb","itemListElement":[{"@type":"ListItem","position":1,"name":"Accueil","item":"https:\/\/armetropolitain.com\/fr\/"},{"@type":"ListItem","position":2,"name":"Accueil"}]},{"@type":"WebSite","@id":"https:\/\/armetropolitain.com\/fr\/#website","url":"https:\/\/armetropolitain.com\/fr\/","name":"ARM","description":"","publisher":{"@id":"https:\/\/armetropolitain.com\/fr\/#organization"},"potentialAction":[{"@type":"SearchAction","target":{"@type":"EntryPoint","urlTemplate":"https:\/\/armetropolitain.com\/fr\/?s={search_term_string}"},"query-input":{"@type":"PropertyValueSpecification","valueRequired":true,"valueName":"search_term_string"}}],"inLanguage":"fr-FR"},{"@type":"Organization","@id":"https:\/\/armetropolitain.com\/fr\/#organization","name":"ARM","url":"https:\/\/armetropolitain.com\/fr\/","logo":{"@type":"ImageObject","inLanguage":"fr-FR","@id":"https:\/\/armetropolitain.com\/fr\/#\/schema\/logo\/image\/","url":"https:\/\/armetropolitain.com\/wp-content\/uploads\/2022\/02\/arm-logo-900px.jpg","contentUrl":"https:\/\/armetropolitain.com\/wp-content\/uploads\/2022\/02\/arm-logo-900px.jpg","width":900,"height":353,"caption":"ARM"},"image":{"@id":"https:\/\/armetropolitain.com\/fr\/#\/schema\/logo\/image\/"}}]}},"_links":{"self":[{"href":"https:\/\/armetropolitain.com\/fr\/wp-json\/wp\/v2\/pages\/1176"}],"collection":[{"href":"https:\/\/armetropolitain.com\/fr\/wp-json\/wp\/v2\/pages"}],"about":[{"href":"https:\/\/armetropolitain.com\/fr\/wp-json\/wp\/v2\/types\/page"}],"author":[{"embeddable":true,"href":"https:\/\/armetropolitain.com\/fr\/wp-json\/wp\/v2\/users\/1"}],"replies":[{"embeddable":true,"href":"https:\/\/armetropolitain.com\/fr\/wp-json\/wp\/v2\/comments?post=1176"}],"version-history":[{"count":18,"href":"https:\/\/armetropolitain.com\/fr\/wp-json\/wp\/v2\/pages\/1176\/revisions"}],"predecessor-version":[{"id":3688,"href":"https:\/\/armetropolitain.com\/fr\/wp-json\/wp\/v2\/pages\/1176\/revisions\/3688"}],"wp:featuredmedia":[{"embeddable":true,"href":"https:\/\/armetropolitain.com\/fr\/wp-json\/wp\/v2\/media\/3643"}],"wp:attachment":[{"href":"https:\/\/armetropolitain.com\/fr\/wp-json\/wp\/v2\/media?parent=1176"}],"curies":[{"name":"wp","href":"https:\/\/api.w.org\/{rel}","templated":true}]}}