{"id":3463,"date":"2022-02-09T10:00:50","date_gmt":"2022-02-09T15:00:50","guid":{"rendered":"http:\/\/armetropolitain.com\/kinyarwanda-course-registration-process\/"},"modified":"2022-02-23T16:31:01","modified_gmt":"2022-02-23T21:31:01","slug":"kinyarwanda-course-registration-process","status":"publish","type":"page","link":"https:\/\/armetropolitain.com\/en\/kinyarwanda-course-registration-process\/","title":{"rendered":"Kinyarwanda Course Registration Process"},"content":{"rendered":"<ul class=\"wp-block-list\"><li>If you do not arrive on the home page of the ARM registration portal, do the search for <strong>Assembl\u00e9e des Rwandaises et Rwandais du Montr\u00e9al M\u00e9tropolitain<\/strong> and select this option<br\/><br\/><\/li><\/ul><figure class=\"wp-block-image size-large\"><img fetchpriority=\"high\" decoding=\"async\" width=\"1024\" height=\"395\" src=\"http:\/\/armetropolitain.com\/wp-content\/uploads\/2022\/02\/image-1024x395.png\" alt=\"\" class=\"wp-image-3458\" srcset=\"https:\/\/armetropolitain.com\/wp-content\/uploads\/2022\/02\/image-1024x395.png 1024w, https:\/\/armetropolitain.com\/wp-content\/uploads\/2022\/02\/image-300x116.png 300w, https:\/\/armetropolitain.com\/wp-content\/uploads\/2022\/02\/image-768x296.png 768w, https:\/\/armetropolitain.com\/wp-content\/uploads\/2022\/02\/image-200x77.png 200w, https:\/\/armetropolitain.com\/wp-content\/uploads\/2022\/02\/image-150x58.png 150w, https:\/\/armetropolitain.com\/wp-content\/uploads\/2022\/02\/image-547x211.png 547w, https:\/\/armetropolitain.com\/wp-content\/uploads\/2022\/02\/image-678x261.png 678w, https:\/\/armetropolitain.com\/wp-content\/uploads\/2022\/02\/image-524x202.png 524w, https:\/\/armetropolitain.com\/wp-content\/uploads\/2022\/02\/image-420x162.png 420w, https:\/\/armetropolitain.com\/wp-content\/uploads\/2022\/02\/image-444x171.png 444w, https:\/\/armetropolitain.com\/wp-content\/uploads\/2022\/02\/image-916x353.png 916w, https:\/\/armetropolitain.com\/wp-content\/uploads\/2022\/02\/image-600x231.png 600w, https:\/\/armetropolitain.com\/wp-content\/uploads\/2022\/02\/image.png 1334w\" sizes=\"(max-width: 1024px) 100vw, 1024px\" \/><figcaption><br\/><\/figcaption><\/figure><ul class=\"wp-block-list\"><li>To register, please click on &#8221;LOGIN&#8221; in the menu at the top right<\/li><li>Once connected, select the family member you wish to register for the activity<br\/><br\/><img decoding=\"async\" width=\"352\" height=\"89\" src=\"https:\/\/lh5.googleusercontent.com\/IfvkGMte-3vK3vDzh1k7AoPJPXUHP7YwV7JoNys8Nh5tnYoA85zZjxa2fT7kGuaXzfhpcmqZ7Z98SFba9_48Ocjfc1OpA9d_WoAoBDiueJ0EuafAYG6hlhgpzloQrfikqS9oIfNl\"\/><br\/><\/li><li>Select <strong>Activity registration from<\/strong> the top right menu<br\/><br\/><img decoding=\"async\" width=\"463\" height=\"107\" src=\"https:\/\/lh4.googleusercontent.com\/8lNbo5YB-Kj--Zz4xefV5iqa8-ytwVxuYwSljeq1unxAb3U8UwHbNPEdPoyzoozOBuEqiFjPVKCDPe10S-aOq9vcnF6qbuX8V_rVZ23moDVnMOmGTDyQkPXWaUa_7T5zW2gQ27mq\"\/><br\/><\/li><li>Select <strong>Cultural Activities<\/strong> in the <em>Program<\/em> field<br\/><br\/><\/li><\/ul><figure class=\"wp-block-image size-full\"><img loading=\"lazy\" decoding=\"async\" width=\"454\" height=\"136\" src=\"http:\/\/armetropolitain.com\/wp-content\/uploads\/2022\/02\/image-1.png\" alt=\"\" class=\"wp-image-3705\" srcset=\"https:\/\/armetropolitain.com\/wp-content\/uploads\/2022\/02\/image-1.png 454w, https:\/\/armetropolitain.com\/wp-content\/uploads\/2022\/02\/image-1-300x90.png 300w, https:\/\/armetropolitain.com\/wp-content\/uploads\/2022\/02\/image-1-200x60.png 200w, https:\/\/armetropolitain.com\/wp-content\/uploads\/2022\/02\/image-1-150x45.png 150w, https:\/\/armetropolitain.com\/wp-content\/uploads\/2022\/02\/image-1-420x126.png 420w, https:\/\/armetropolitain.com\/wp-content\/uploads\/2022\/02\/image-1-444x133.png 444w\" sizes=\"(max-width: 454px) 100vw, 454px\" \/><\/figure><ul class=\"wp-block-list\"><li>Select <strong>Kinyarwanda Course<\/strong> in the <em>Level<\/em> field<br\/><br\/><\/li><\/ul><figure class=\"wp-block-image size-full\"><img loading=\"lazy\" decoding=\"async\" width=\"456\" height=\"127\" src=\"http:\/\/armetropolitain.com\/wp-content\/uploads\/2022\/02\/image-2.png\" alt=\"\" class=\"wp-image-3708\" srcset=\"https:\/\/armetropolitain.com\/wp-content\/uploads\/2022\/02\/image-2.png 456w, https:\/\/armetropolitain.com\/wp-content\/uploads\/2022\/02\/image-2-300x84.png 300w, https:\/\/armetropolitain.com\/wp-content\/uploads\/2022\/02\/image-2-200x56.png 200w, https:\/\/armetropolitain.com\/wp-content\/uploads\/2022\/02\/image-2-150x42.png 150w, https:\/\/armetropolitain.com\/wp-content\/uploads\/2022\/02\/image-2-420x117.png 420w, https:\/\/armetropolitain.com\/wp-content\/uploads\/2022\/02\/image-2-444x124.png 444w\" sizes=\"(max-width: 456px) 100vw, 456px\" \/><\/figure><ul class=\"wp-block-list\"><li>If you are an adult and wish to benefit from member prices add an annual membership card<br\/><br\/><img loading=\"lazy\" decoding=\"async\" width=\"487\" height=\"307\" src=\"https:\/\/lh3.googleusercontent.com\/K6iCQ5KnT1Shrd9vxSNy_lAuW-RpAPo64HMvx_waVCFHjNglo7fDmnZ0J529liajD1vDNjsiEovrPrWHp5NbYf78R_TTJhEUypcafjGKWYUKOOu0csyY4KYDVfYVsCc1jZCAmn80\"\/><br\/><\/li><\/ul><ul class=\"wp-block-list\"><li>Add the activity for which you wish to register. If you are a member, please add a membership card to all your children (under 18) so that your children can also benefit from member prices.<\/li><\/ul><p><img loading=\"lazy\" decoding=\"async\" src=\"https:\/\/lh5.googleusercontent.com\/Blj20FhFOdibr9gDtwtn1DUwzh9DQJ4O3buZBtcpRARq759ZOCCWl1Rk5wwu24WO4qec8ZABSUJo-NApdZhiZUTMyBAii53Rfc7N5Y61Qgl5ehYardjE7m3muziUjkNPoxOvWPgN\" width=\"624\" height=\"328\"\/><\/p><div class=\"wp-block-button\"><a data-track-link-name=\"register kinya lessons\" data-track-link-type=\"cta\" data-track-link-position=\"content\" class=\"wp-block-button__link has-background\" href=\"https:\/\/www.sport-plus-online.com\/PrmsMVC\/?VirId=1554&#038;ArrId=1760\" style=\"background-color:#83bde3\" target=\"_blank\" rel=\"noreferrer noopener\">Register<\/a><\/div>","protected":false},"excerpt":{"rendered":"<p>If you do not arrive on the home page of the ARM registration portal, do the search for Assembl\u00e9e des Rwandaises et Rwandais du Montr\u00e9al M\u00e9tropolitain and select this option To register, please click on &#8221;LOGIN&#8221; in the menu at the top right Once connected, select the family member you wish to register for the &hellip; <a href=\"https:\/\/armetropolitain.com\/en\/kinyarwanda-course-registration-process\/\" class=\"more-link\">Continue reading <span class=\"screen-reader-text\">Kinyarwanda Course Registration Process<\/span><\/a><\/p>\n","protected":false},"author":1,"featured_media":3587,"parent":0,"menu_order":0,"comment_status":"closed","ping_status":"closed","template":"","meta":{"footnotes":""},"class_list":["post-3463","page","type-page","status-publish","has-post-thumbnail","hentry"],"yoast_head":"<!-- This site is optimized with the Yoast SEO plugin v23.6 - https:\/\/yoast.com\/wordpress\/plugins\/seo\/ -->\n<title>Kinyarwanda Course Registration Process - ARM<\/title>\n<meta name=\"robots\" content=\"index, follow, max-snippet:-1, max-image-preview:large, max-video-preview:-1\" \/>\n<link rel=\"canonical\" href=\"https:\/\/armetropolitain.com\/en\/kinyarwanda-course-registration-process\/\" \/>\n<meta property=\"og:locale\" content=\"en_US\" \/>\n<meta property=\"og:type\" content=\"article\" \/>\n<meta property=\"og:title\" content=\"Kinyarwanda Course Registration Process - ARM\" \/>\n<meta property=\"og:description\" content=\"If you do not arrive on the home page of the ARM registration portal, do the search for Assembl\u00e9e des Rwandaises et Rwandais du Montr\u00e9al M\u00e9tropolitain and select this option To register, please click on &#8221;LOGIN&#8221; in the menu at the top right Once connected, select the family member you wish to register for the &hellip; Continue reading Kinyarwanda Course Registration Process\" \/>\n<meta property=\"og:url\" content=\"https:\/\/armetropolitain.com\/en\/kinyarwanda-course-registration-process\/\" \/>\n<meta property=\"og:site_name\" content=\"ARM\" \/>\n<meta property=\"article:modified_time\" content=\"2022-02-23T21:31:01+00:00\" \/>\n<meta property=\"og:image\" content=\"https:\/\/armetropolitain.com\/wp-content\/uploads\/2022\/02\/cours-kinya-Photo-by-Jannik-Skorna-on-Unsplash-color-scaled.jpg\" \/>\n\t<meta property=\"og:image:width\" content=\"2560\" \/>\n\t<meta property=\"og:image:height\" content=\"1398\" \/>\n\t<meta property=\"og:image:type\" content=\"image\/jpeg\" \/>\n<meta name=\"twitter:card\" content=\"summary_large_image\" \/>\n<meta name=\"twitter:label1\" content=\"Est. reading time\" \/>\n\t<meta name=\"twitter:data1\" content=\"1 minute\" \/>\n<script type=\"application\/ld+json\" class=\"yoast-schema-graph\">{\"@context\":\"https:\/\/schema.org\",\"@graph\":[{\"@type\":\"WebPage\",\"@id\":\"https:\/\/armetropolitain.com\/en\/kinyarwanda-course-registration-process\/\",\"url\":\"https:\/\/armetropolitain.com\/en\/kinyarwanda-course-registration-process\/\",\"name\":\"Kinyarwanda Course Registration Process - ARM\",\"isPartOf\":{\"@id\":\"https:\/\/armetropolitain.com\/en\/#website\"},\"primaryImageOfPage\":{\"@id\":\"https:\/\/armetropolitain.com\/en\/kinyarwanda-course-registration-process\/#primaryimage\"},\"image\":{\"@id\":\"https:\/\/armetropolitain.com\/en\/kinyarwanda-course-registration-process\/#primaryimage\"},\"thumbnailUrl\":\"https:\/\/armetropolitain.com\/wp-content\/uploads\/2022\/02\/cours-kinya-Photo-by-Jannik-Skorna-on-Unsplash-color-scaled.jpg\",\"datePublished\":\"2022-02-09T15:00:50+00:00\",\"dateModified\":\"2022-02-23T21:31:01+00:00\",\"breadcrumb\":{\"@id\":\"https:\/\/armetropolitain.com\/en\/kinyarwanda-course-registration-process\/#breadcrumb\"},\"inLanguage\":\"en-US\",\"potentialAction\":[{\"@type\":\"ReadAction\",\"target\":[\"https:\/\/armetropolitain.com\/en\/kinyarwanda-course-registration-process\/\"]}]},{\"@type\":\"ImageObject\",\"inLanguage\":\"en-US\",\"@id\":\"https:\/\/armetropolitain.com\/en\/kinyarwanda-course-registration-process\/#primaryimage\",\"url\":\"https:\/\/armetropolitain.com\/wp-content\/uploads\/2022\/02\/cours-kinya-Photo-by-Jannik-Skorna-on-Unsplash-color-scaled.jpg\",\"contentUrl\":\"https:\/\/armetropolitain.com\/wp-content\/uploads\/2022\/02\/cours-kinya-Photo-by-Jannik-Skorna-on-Unsplash-color-scaled.jpg\",\"width\":2560,\"height\":1398},{\"@type\":\"BreadcrumbList\",\"@id\":\"https:\/\/armetropolitain.com\/en\/kinyarwanda-course-registration-process\/#breadcrumb\",\"itemListElement\":[{\"@type\":\"ListItem\",\"position\":1,\"name\":\"Accueil\",\"item\":\"https:\/\/armetropolitain.com\/en\/\"},{\"@type\":\"ListItem\",\"position\":2,\"name\":\"Kinyarwanda Course Registration Process\"}]},{\"@type\":\"WebSite\",\"@id\":\"https:\/\/armetropolitain.com\/en\/#website\",\"url\":\"https:\/\/armetropolitain.com\/en\/\",\"name\":\"ARM\",\"description\":\"\",\"publisher\":{\"@id\":\"https:\/\/armetropolitain.com\/en\/#organization\"},\"potentialAction\":[{\"@type\":\"SearchAction\",\"target\":{\"@type\":\"EntryPoint\",\"urlTemplate\":\"https:\/\/armetropolitain.com\/en\/?s={search_term_string}\"},\"query-input\":{\"@type\":\"PropertyValueSpecification\",\"valueRequired\":true,\"valueName\":\"search_term_string\"}}],\"inLanguage\":\"en-US\"},{\"@type\":\"Organization\",\"@id\":\"https:\/\/armetropolitain.com\/en\/#organization\",\"name\":\"ARM\",\"url\":\"https:\/\/armetropolitain.com\/en\/\",\"logo\":{\"@type\":\"ImageObject\",\"inLanguage\":\"en-US\",\"@id\":\"https:\/\/armetropolitain.com\/en\/#\/schema\/logo\/image\/\",\"url\":\"https:\/\/armetropolitain.com\/wp-content\/uploads\/2022\/02\/arm-logo-900px.jpg\",\"contentUrl\":\"https:\/\/armetropolitain.com\/wp-content\/uploads\/2022\/02\/arm-logo-900px.jpg\",\"width\":900,\"height\":353,\"caption\":\"ARM\"},\"image\":{\"@id\":\"https:\/\/armetropolitain.com\/en\/#\/schema\/logo\/image\/\"}}]}<\/script>\n<!-- \/ Yoast SEO plugin. -->","yoast_head_json":{"title":"Kinyarwanda Course Registration Process - ARM","robots":{"index":"index","follow":"follow","max-snippet":"max-snippet:-1","max-image-preview":"max-image-preview:large","max-video-preview":"max-video-preview:-1"},"canonical":"https:\/\/armetropolitain.com\/en\/kinyarwanda-course-registration-process\/","og_locale":"en_US","og_type":"article","og_title":"Kinyarwanda Course Registration Process - ARM","og_description":"If you do not arrive on the home page of the ARM registration portal, do the search for Assembl\u00e9e des Rwandaises et Rwandais du Montr\u00e9al M\u00e9tropolitain and select this option To register, please click on &#8221;LOGIN&#8221; in the menu at the top right Once connected, select the family member you wish to register for the &hellip; Continue reading Kinyarwanda Course Registration Process","og_url":"https:\/\/armetropolitain.com\/en\/kinyarwanda-course-registration-process\/","og_site_name":"ARM","article_modified_time":"2022-02-23T21:31:01+00:00","og_image":[{"width":2560,"height":1398,"url":"https:\/\/armetropolitain.com\/wp-content\/uploads\/2022\/02\/cours-kinya-Photo-by-Jannik-Skorna-on-Unsplash-color-scaled.jpg","type":"image\/jpeg"}],"twitter_card":"summary_large_image","twitter_misc":{"Est. reading time":"1 minute"},"schema":{"@context":"https:\/\/schema.org","@graph":[{"@type":"WebPage","@id":"https:\/\/armetropolitain.com\/en\/kinyarwanda-course-registration-process\/","url":"https:\/\/armetropolitain.com\/en\/kinyarwanda-course-registration-process\/","name":"Kinyarwanda Course Registration Process - ARM","isPartOf":{"@id":"https:\/\/armetropolitain.com\/en\/#website"},"primaryImageOfPage":{"@id":"https:\/\/armetropolitain.com\/en\/kinyarwanda-course-registration-process\/#primaryimage"},"image":{"@id":"https:\/\/armetropolitain.com\/en\/kinyarwanda-course-registration-process\/#primaryimage"},"thumbnailUrl":"https:\/\/armetropolitain.com\/wp-content\/uploads\/2022\/02\/cours-kinya-Photo-by-Jannik-Skorna-on-Unsplash-color-scaled.jpg","datePublished":"2022-02-09T15:00:50+00:00","dateModified":"2022-02-23T21:31:01+00:00","breadcrumb":{"@id":"https:\/\/armetropolitain.com\/en\/kinyarwanda-course-registration-process\/#breadcrumb"},"inLanguage":"en-US","potentialAction":[{"@type":"ReadAction","target":["https:\/\/armetropolitain.com\/en\/kinyarwanda-course-registration-process\/"]}]},{"@type":"ImageObject","inLanguage":"en-US","@id":"https:\/\/armetropolitain.com\/en\/kinyarwanda-course-registration-process\/#primaryimage","url":"https:\/\/armetropolitain.com\/wp-content\/uploads\/2022\/02\/cours-kinya-Photo-by-Jannik-Skorna-on-Unsplash-color-scaled.jpg","contentUrl":"https:\/\/armetropolitain.com\/wp-content\/uploads\/2022\/02\/cours-kinya-Photo-by-Jannik-Skorna-on-Unsplash-color-scaled.jpg","width":2560,"height":1398},{"@type":"BreadcrumbList","@id":"https:\/\/armetropolitain.com\/en\/kinyarwanda-course-registration-process\/#breadcrumb","itemListElement":[{"@type":"ListItem","position":1,"name":"Accueil","item":"https:\/\/armetropolitain.com\/en\/"},{"@type":"ListItem","position":2,"name":"Kinyarwanda Course Registration Process"}]},{"@type":"WebSite","@id":"https:\/\/armetropolitain.com\/en\/#website","url":"https:\/\/armetropolitain.com\/en\/","name":"ARM","description":"","publisher":{"@id":"https:\/\/armetropolitain.com\/en\/#organization"},"potentialAction":[{"@type":"SearchAction","target":{"@type":"EntryPoint","urlTemplate":"https:\/\/armetropolitain.com\/en\/?s={search_term_string}"},"query-input":{"@type":"PropertyValueSpecification","valueRequired":true,"valueName":"search_term_string"}}],"inLanguage":"en-US"},{"@type":"Organization","@id":"https:\/\/armetropolitain.com\/en\/#organization","name":"ARM","url":"https:\/\/armetropolitain.com\/en\/","logo":{"@type":"ImageObject","inLanguage":"en-US","@id":"https:\/\/armetropolitain.com\/en\/#\/schema\/logo\/image\/","url":"https:\/\/armetropolitain.com\/wp-content\/uploads\/2022\/02\/arm-logo-900px.jpg","contentUrl":"https:\/\/armetropolitain.com\/wp-content\/uploads\/2022\/02\/arm-logo-900px.jpg","width":900,"height":353,"caption":"ARM"},"image":{"@id":"https:\/\/armetropolitain.com\/en\/#\/schema\/logo\/image\/"}}]}},"_links":{"self":[{"href":"https:\/\/armetropolitain.com\/en\/wp-json\/wp\/v2\/pages\/3463"}],"collection":[{"href":"https:\/\/armetropolitain.com\/en\/wp-json\/wp\/v2\/pages"}],"about":[{"href":"https:\/\/armetropolitain.com\/en\/wp-json\/wp\/v2\/types\/page"}],"author":[{"embeddable":true,"href":"https:\/\/armetropolitain.com\/en\/wp-json\/wp\/v2\/users\/1"}],"replies":[{"embeddable":true,"href":"https:\/\/armetropolitain.com\/en\/wp-json\/wp\/v2\/comments?post=3463"}],"version-history":[{"count":11,"href":"https:\/\/armetropolitain.com\/en\/wp-json\/wp\/v2\/pages\/3463\/revisions"}],"predecessor-version":[{"id":3795,"href":"https:\/\/armetropolitain.com\/en\/wp-json\/wp\/v2\/pages\/3463\/revisions\/3795"}],"wp:featuredmedia":[{"embeddable":true,"href":"https:\/\/armetropolitain.com\/en\/wp-json\/wp\/v2\/media\/3587"}],"wp:attachment":[{"href":"https:\/\/armetropolitain.com\/en\/wp-json\/wp\/v2\/media?parent=3463"}],"curies":[{"name":"wp","href":"https:\/\/api.w.org\/{rel}","templated":true}]}}